{"id":7283,"date":"2024-11-29T11:23:57","date_gmt":"2024-11-29T10:23:57","guid":{"rendered":"https:\/\/igpp.de\/parapsychological-research-institutes-and-organizations\/"},"modified":"2025-07-07T13:40:27","modified_gmt":"2025-07-07T11:40:27","slug":"parapsychological-research-institutes-and-organizations","status":"publish","type":"page","link":"https:\/\/igpp.de\/en\/information\/general-information\/parapsychological-research-institutes-and-organizations\/","title":{"rendered":"Parapsychological Research Institutes and Organizations"},"content":{"rendered":"[vc_row type=&#8221;full_width_background&#8221; full_screen_row_position=&#8221;middle&#8221; column_margin=&#8221;40px&#8221; column_direction=&#8221;default&#8221; column_direction_tablet=&#8221;default&#8221; column_direction_phone=&#8221;default&#8221; bg_color=&#8221;#d6ecee&#8221; bg_image=&#8221;1034&#8243; bg_position=&#8221;left top&#8221; background_image_loading=&#8221;default&#8221; bg_repeat=&#8221;no-repeat&#8221; scene_position=&#8221;center&#8221; top_padding=&#8221;5%&#8221; bottom_padding=&#8221;5%&#8221; bottom_margin=&#8221;20&#8243; text_color=&#8221;dark&#8221; text_align=&#8221;left&#8221; row_border_radius=&#8221;none&#8221; row_border_radius_applies=&#8221;bg&#8221; overflow=&#8221;visible&#8221; overlay_strength=&#8221;0.3&#8243; gradient_direction=&#8221;left_to_right&#8221; shape_divider_position=&#8221;bottom&#8221; bg_image_animation=&#8221;none&#8221; gradient_type=&#8221;default&#8221; shape_type=&#8221;&#8221;][vc_column column_padding=&#8221;no-extra-padding&#8221; column_padding_tablet=&#8221;inherit&#8221; column_padding_phone=&#8221;inherit&#8221; column_padding_position=&#8221;all&#8221; column_element_direction_desktop=&#8221;default&#8221; column_element_spacing=&#8221;default&#8221; desktop_text_alignment=&#8221;default&#8221; tablet_text_alignment=&#8221;default&#8221; phone_text_alignment=&#8221;default&#8221; background_color_opacity=&#8221;1&#8243; background_hover_color_opacity=&#8221;1&#8243; column_backdrop_filter=&#8221;none&#8221; column_shadow=&#8221;none&#8221; column_border_radius=&#8221;none&#8221; column_link_target=&#8221;_self&#8221; column_position=&#8221;default&#8221; gradient_direction=&#8221;left_to_right&#8221; overlay_strength=&#8221;0.3&#8243; width=&#8221;1\/6&#8243; tablet_width_inherit=&#8221;default&#8221; animation_type=&#8221;default&#8221; bg_image_animation=&#8221;none&#8221; border_type=&#8221;simple&#8221; column_border_width=&#8221;none&#8221; column_border_style=&#8221;solid&#8221;][image_with_animation image_url=&#8221;3967&#8243; image_size=&#8221;full&#8221; animation_type=&#8221;entrance&#8221; animation=&#8221;None&#8221; animation_movement_type=&#8221;transform_y&#8221; hover_animation=&#8221;none&#8221; alignment=&#8221;&#8221; border_radius=&#8221;none&#8221; box_shadow=&#8221;none&#8221; image_loading=&#8221;default&#8221; max_width=&#8221;100%&#8221; max_width_mobile=&#8221;default&#8221;][\/vc_column][vc_column column_padding=&#8221;no-extra-padding&#8221; column_padding_tablet=&#8221;inherit&#8221; column_padding_phone=&#8221;inherit&#8221; column_padding_position=&#8221;all&#8221; column_element_direction_desktop=&#8221;default&#8221; column_element_spacing=&#8221;default&#8221; desktop_text_alignment=&#8221;default&#8221; tablet_text_alignment=&#8221;default&#8221; phone_text_alignment=&#8221;default&#8221; background_color_opacity=&#8221;1&#8243; background_hover_color_opacity=&#8221;1&#8243; column_backdrop_filter=&#8221;none&#8221; column_shadow=&#8221;none&#8221; column_border_radius=&#8221;none&#8221; column_link_target=&#8221;_self&#8221; column_position=&#8221;default&#8221; gradient_direction=&#8221;left_to_right&#8221; overlay_strength=&#8221;0.3&#8243; width=&#8221;5\/6&#8243; tablet_width_inherit=&#8221;default&#8221; animation_type=&#8221;default&#8221; bg_image_animation=&#8221;none&#8221; border_type=&#8221;simple&#8221; column_border_width=&#8221;none&#8221; column_border_style=&#8221;solid&#8221;][vc_custom_heading text=&#8221;Parapsychological research institutes and organizations&#8221; font_container=&#8221;tag:h1|text_align:left|color:%23203869&#8243; use_theme_fonts=&#8221;yes&#8221; css=&#8221;.vc_custom_1740126925833{margin-bottom: 50px !important;}&#8221;][\/vc_column][\/vc_row][vc_row type=&#8221;in_container&#8221; full_screen_row_position=&#8221;middle&#8221; column_margin=&#8221;default&#8221; column_direction=&#8221;default&#8221; column_direction_tablet=&#8221;default&#8221; column_direction_phone=&#8221;default&#8221; scene_position=&#8221;center&#8221; text_color=&#8221;dark&#8221; text_align=&#8221;left&#8221; row_border_radius=&#8221;none&#8221; row_border_radius_applies=&#8221;bg&#8221; overflow=&#8221;visible&#8221; overlay_strength=&#8221;0.3&#8243; gradient_direction=&#8221;left_to_right&#8221; shape_divider_position=&#8221;bottom&#8221; bg_image_animation=&#8221;none&#8221;][vc_column column_padding=&#8221;no-extra-padding&#8221; column_padding_tablet=&#8221;inherit&#8221; column_padding_phone=&#8221;inherit&#8221; column_padding_position=&#8221;all&#8221; column_element_direction_desktop=&#8221;default&#8221; column_element_spacing=&#8221;default&#8221; desktop_text_alignment=&#8221;default&#8221; tablet_text_alignment=&#8221;default&#8221; phone_text_alignment=&#8221;default&#8221; background_color_opacity=&#8221;1&#8243; background_hover_color_opacity=&#8221;1&#8243; column_backdrop_filter=&#8221;none&#8221; column_shadow=&#8221;none&#8221; column_border_radius=&#8221;none&#8221; column_link_target=&#8221;_self&#8221; column_position=&#8221;default&#8221; gradient_direction=&#8221;left_to_right&#8221; overlay_strength=&#8221;0.3&#8243; width=&#8221;1\/1&#8243; tablet_width_inherit=&#8221;default&#8221; animation_type=&#8221;default&#8221; bg_image_animation=&#8221;none&#8221; border_type=&#8221;simple&#8221; column_border_width=&#8221;none&#8221; column_border_style=&#8221;solid&#8221;][vc_column_text]\n<ul>\n<li><a href=\"http:\/\/www.aspr.com\/\"><strong>American Society for Psychical Research<\/strong><\/a><\/li>\n<li><strong><a href=\"https:\/\/www.gold.ac.uk\/apru\/\">Anomalistic Psychology Research Unit<\/a> (Goldsmith University of London)<\/strong><\/li>\n<li><strong><a href=\"https:\/\/med.virginia.edu\/perceptual-studies\/\">Division of Perceptual Studies<\/a> (University of Virginia, USA)<\/strong><\/li>\n<li><strong><a href=\"https:\/\/www.anomalistik.de\/\">Society for Anomalistics  <\/a><\/strong><\/li>\n<li><strong><a href=\"https:\/\/www.koestler-parapsychology.psy.ed.ac.uk\/index.html\">Koestler Parapsychology Unit<\/a> (University of Edinburgh, Scotland)<\/strong><\/li>\n<li><a href=\"https:\/\/www.parapsych.org\/\"><strong>Parapsychological Association<\/strong><\/a><\/li>\n<li><a href=\"https:\/\/parapsychology.org\/\"><strong>Parapsychology Foundation<\/strong><\/a><\/li>\n<li><a href=\"https:\/\/www.rhine.org\/\"><strong>Rhine Research Center\/Institute for Parapsychology<\/strong><\/a><\/li>\n<li><a href=\"https:\/\/www.spr.ac.uk\"><strong>Society for Psychical Research<\/strong><\/a><\/li>\n<li><a href=\"https:\/\/www.scientificexploration.org\/\"><strong>Society for Scientific Exploration<\/strong><\/a><\/li>\n<\/ul>\n<p>The <strong>&#8216;Institute M\u00e9tapsychique International&#8217; (IMI)<\/strong> has published a comprehensive list of parapsychological research institutions and organizations with brief descriptions &#8211; as of 2008 &#8211; as a <a href=\"https:\/\/metapsychique.org\/IMG\/pdf\/Institut_Metapsychique_International_-_Livre_Blanc_de_la_Parapsy.pdf\">&#8216;White Book&#8217; in French<\/a>.[\/vc_column_text][\/vc_column][\/vc_row][vc_row type=&#8221;in_container&#8221; full_screen_row_position=&#8221;middle&#8221; column_margin=&#8221;default&#8221; column_direction=&#8221;default&#8221; column_direction_tablet=&#8221;default&#8221; column_direction_phone=&#8221;default&#8221; scene_position=&#8221;center&#8221; text_color=&#8221;dark&#8221; text_align=&#8221;left&#8221; row_border_radius=&#8221;none&#8221; row_border_radius_applies=&#8221;bg&#8221; overflow=&#8221;visible&#8221; overlay_strength=&#8221;0.3&#8243; gradient_direction=&#8221;left_to_right&#8221; shape_divider_position=&#8221;bottom&#8221; bg_image_animation=&#8221;none&#8221;][vc_column column_padding=&#8221;no-extra-padding&#8221; column_padding_tablet=&#8221;inherit&#8221; column_padding_phone=&#8221;inherit&#8221; column_padding_position=&#8221;all&#8221; column_element_direction_desktop=&#8221;default&#8221; column_element_spacing=&#8221;default&#8221; desktop_text_alignment=&#8221;default&#8221; tablet_text_alignment=&#8221;default&#8221; phone_text_alignment=&#8221;default&#8221; background_color_opacity=&#8221;1&#8243; background_hover_color_opacity=&#8221;1&#8243; column_backdrop_filter=&#8221;none&#8221; column_shadow=&#8221;none&#8221; column_border_radius=&#8221;none&#8221; column_link_target=&#8221;_self&#8221; column_position=&#8221;default&#8221; gradient_direction=&#8221;left_to_right&#8221; overlay_strength=&#8221;0.3&#8243; width=&#8221;1\/1&#8243; tablet_width_inherit=&#8221;default&#8221; animation_type=&#8221;default&#8221; bg_image_animation=&#8221;none&#8221; border_type=&#8221;simple&#8221; column_border_width=&#8221;none&#8221; column_border_style=&#8221;solid&#8221;][divider line_type=&#8221;No Line&#8221;][\/vc_column][\/vc_row]\n","protected":false},"excerpt":{"rendered":"<p>[vc_row type=&#8221;full_width_background&#8221; full_screen_row_position=&#8221;middle&#8221; column_margin=&#8221;40px&#8221; column_direction=&#8221;default&#8221; column_direction_tablet=&#8221;default&#8221; column_direction_phone=&#8221;default&#8221; bg_color=&#8221;#d6ecee&#8221; bg_image=&#8221;1034&#8243; bg_position=&#8221;left&#8230;<\/p>\n","protected":false},"author":3,"featured_media":0,"parent":7361,"menu_order":0,"comment_status":"closed","ping_status":"closed","template":"","meta":{"inline_featured_image":false,"footnotes":""},"categories":[],"tags":[],"class_list":["post-7283","page","type-page","status-publish"],"yoast_head":"<!-- This site is optimized with the Yoast SEO plugin v25.3.1 - https:\/\/yoast.com\/wordpress\/plugins\/seo\/ -->\n<title>Parapsychological Research Institutes and Organizations - IGPP Institut f\u00fcr Grenzgebiete der Psychologie und Psychohygiene<\/title>\n<meta name=\"robots\" content=\"index, follow, max-snippet:-1, max-image-preview:large, max-video-preview:-1\" \/>\n<link rel=\"canonical\" href=\"https:\/\/igpp.de\/en\/information\/general-information\/parapsychological-research-institutes-and-organizations\/\" \/>\n<meta property=\"og:locale\" content=\"en_US\" \/>\n<meta property=\"og:type\" content=\"article\" \/>\n<meta property=\"og:title\" content=\"Parapsychological Research Institutes and Organizations - IGPP Institut f\u00fcr Grenzgebiete der Psychologie und Psychohygiene\" \/>\n<meta property=\"og:description\" content=\"[vc_row type=&#8221;full_width_background&#8221; full_screen_row_position=&#8221;middle&#8221; column_margin=&#8221;40px&#8221; column_direction=&#8221;default&#8221; column_direction_tablet=&#8221;default&#8221; column_direction_phone=&#8221;default&#8221; bg_color=&#8221;#d6ecee&#8221; bg_image=&#8221;1034&#8243; bg_position=&#8221;left...\" \/>\n<meta property=\"og:url\" content=\"https:\/\/igpp.de\/en\/information\/general-information\/parapsychological-research-institutes-and-organizations\/\" \/>\n<meta property=\"og:site_name\" content=\"IGPP Institut f\u00fcr Grenzgebiete der Psychologie und Psychohygiene\" \/>\n<meta property=\"article:modified_time\" content=\"2025-07-07T11:40:27+00:00\" \/>\n<meta name=\"twitter:card\" content=\"summary_large_image\" \/>\n<meta name=\"twitter:site\" content=\"@IGPP_Freiburg\" \/>\n<meta name=\"twitter:label1\" content=\"Est. reading time\" \/>\n\t<meta name=\"twitter:data1\" content=\"4 minutes\" \/>\n<script type=\"application\/ld+json\" class=\"yoast-schema-graph\">{\"@context\":\"https:\/\/schema.org\",\"@graph\":[{\"@type\":\"WebPage\",\"@id\":\"https:\/\/igpp.de\/en\/information\/general-information\/parapsychological-research-institutes-and-organizations\/\",\"url\":\"https:\/\/igpp.de\/en\/information\/general-information\/parapsychological-research-institutes-and-organizations\/\",\"name\":\"Parapsychological Research Institutes and Organizations - IGPP Institut f\u00fcr Grenzgebiete der Psychologie und Psychohygiene\",\"isPartOf\":{\"@id\":\"https:\/\/igpp.de\/en\/#website\"},\"datePublished\":\"2024-11-29T10:23:57+00:00\",\"dateModified\":\"2025-07-07T11:40:27+00:00\",\"breadcrumb\":{\"@id\":\"https:\/\/igpp.de\/en\/information\/general-information\/parapsychological-research-institutes-and-organizations\/#breadcrumb\"},\"inLanguage\":\"en-US\",\"potentialAction\":[{\"@type\":\"ReadAction\",\"target\":[\"https:\/\/igpp.de\/en\/information\/general-information\/parapsychological-research-institutes-and-organizations\/\"]}]},{\"@type\":\"BreadcrumbList\",\"@id\":\"https:\/\/igpp.de\/en\/information\/general-information\/parapsychological-research-institutes-and-organizations\/#breadcrumb\",\"itemListElement\":[{\"@type\":\"ListItem\",\"position\":1,\"name\":\"Startseite\",\"item\":\"https:\/\/igpp.de\/en\/\"},{\"@type\":\"ListItem\",\"position\":2,\"name\":\"Information\",\"item\":\"https:\/\/igpp.de\/en\/information\/\"},{\"@type\":\"ListItem\",\"position\":3,\"name\":\"General Information\",\"item\":\"https:\/\/igpp.de\/en\/information\/general-information\/\"},{\"@type\":\"ListItem\",\"position\":4,\"name\":\"Parapsychological Research Institutes and Organizations\"}]},{\"@type\":\"WebSite\",\"@id\":\"https:\/\/igpp.de\/en\/#website\",\"url\":\"https:\/\/igpp.de\/en\/\",\"name\":\"IGPP Institut f\u00fcr Grenzgebiete der Psychologie und Psychohygiene\",\"description\":\"Systematischen und interdisziplin\u00e4ren Erforschung von bisher unzureichend verstandenen Ph\u00e4nomenen und Anomalien an den Grenzen unseres Wissens.\",\"publisher\":{\"@id\":\"https:\/\/igpp.de\/en\/#organization\"},\"potentialAction\":[{\"@type\":\"SearchAction\",\"target\":{\"@type\":\"EntryPoint\",\"urlTemplate\":\"https:\/\/igpp.de\/en\/?s={search_term_string}\"},\"query-input\":{\"@type\":\"PropertyValueSpecification\",\"valueRequired\":true,\"valueName\":\"search_term_string\"}}],\"inLanguage\":\"en-US\"},{\"@type\":\"Organization\",\"@id\":\"https:\/\/igpp.de\/en\/#organization\",\"name\":\"IGPP Institut f\u00fcr Grenzgebiete der Psychologie und Psychohygiene\",\"url\":\"https:\/\/igpp.de\/en\/\",\"logo\":{\"@type\":\"ImageObject\",\"inLanguage\":\"en-US\",\"@id\":\"https:\/\/igpp.de\/en\/#\/schema\/logo\/image\/\",\"url\":\"https:\/\/igpp.de\/wp-content\/uploads\/2023\/12\/IGPP-Logo-Bild-Wordmarke.svg\",\"contentUrl\":\"https:\/\/igpp.de\/wp-content\/uploads\/2023\/12\/IGPP-Logo-Bild-Wordmarke.svg\",\"width\":132,\"height\":28,\"caption\":\"IGPP Institut f\u00fcr Grenzgebiete der Psychologie und Psychohygiene\"},\"image\":{\"@id\":\"https:\/\/igpp.de\/en\/#\/schema\/logo\/image\/\"},\"sameAs\":[\"https:\/\/x.com\/IGPP_Freiburg\",\"https:\/\/www.youtube.com\/@igppfreiburg2985\",\"https:\/\/bsky.app\/profile\/igpp.bsky.social\"]}]}<\/script>\n<!-- \/ Yoast SEO plugin. -->","yoast_head_json":{"title":"Parapsychological Research Institutes and Organizations - IGPP Institut f\u00fcr Grenzgebiete der Psychologie und Psychohygiene","robots":{"index":"index","follow":"follow","max-snippet":"max-snippet:-1","max-image-preview":"max-image-preview:large","max-video-preview":"max-video-preview:-1"},"canonical":"https:\/\/igpp.de\/en\/information\/general-information\/parapsychological-research-institutes-and-organizations\/","og_locale":"en_US","og_type":"article","og_title":"Parapsychological Research Institutes and Organizations - IGPP Institut f\u00fcr Grenzgebiete der Psychologie und Psychohygiene","og_description":"[vc_row type=&#8221;full_width_background&#8221; full_screen_row_position=&#8221;middle&#8221; column_margin=&#8221;40px&#8221; column_direction=&#8221;default&#8221; column_direction_tablet=&#8221;default&#8221; column_direction_phone=&#8221;default&#8221; bg_color=&#8221;#d6ecee&#8221; bg_image=&#8221;1034&#8243; bg_position=&#8221;left...","og_url":"https:\/\/igpp.de\/en\/information\/general-information\/parapsychological-research-institutes-and-organizations\/","og_site_name":"IGPP Institut f\u00fcr Grenzgebiete der Psychologie und Psychohygiene","article_modified_time":"2025-07-07T11:40:27+00:00","twitter_card":"summary_large_image","twitter_site":"@IGPP_Freiburg","twitter_misc":{"Est. reading time":"4 minutes"},"schema":{"@context":"https:\/\/schema.org","@graph":[{"@type":"WebPage","@id":"https:\/\/igpp.de\/en\/information\/general-information\/parapsychological-research-institutes-and-organizations\/","url":"https:\/\/igpp.de\/en\/information\/general-information\/parapsychological-research-institutes-and-organizations\/","name":"Parapsychological Research Institutes and Organizations - IGPP Institut f\u00fcr Grenzgebiete der Psychologie und Psychohygiene","isPartOf":{"@id":"https:\/\/igpp.de\/en\/#website"},"datePublished":"2024-11-29T10:23:57+00:00","dateModified":"2025-07-07T11:40:27+00:00","breadcrumb":{"@id":"https:\/\/igpp.de\/en\/information\/general-information\/parapsychological-research-institutes-and-organizations\/#breadcrumb"},"inLanguage":"en-US","potentialAction":[{"@type":"ReadAction","target":["https:\/\/igpp.de\/en\/information\/general-information\/parapsychological-research-institutes-and-organizations\/"]}]},{"@type":"BreadcrumbList","@id":"https:\/\/igpp.de\/en\/information\/general-information\/parapsychological-research-institutes-and-organizations\/#breadcrumb","itemListElement":[{"@type":"ListItem","position":1,"name":"Startseite","item":"https:\/\/igpp.de\/en\/"},{"@type":"ListItem","position":2,"name":"Information","item":"https:\/\/igpp.de\/en\/information\/"},{"@type":"ListItem","position":3,"name":"General Information","item":"https:\/\/igpp.de\/en\/information\/general-information\/"},{"@type":"ListItem","position":4,"name":"Parapsychological Research Institutes and Organizations"}]},{"@type":"WebSite","@id":"https:\/\/igpp.de\/en\/#website","url":"https:\/\/igpp.de\/en\/","name":"IGPP Institut f\u00fcr Grenzgebiete der Psychologie und Psychohygiene","description":"Systematischen und interdisziplin\u00e4ren Erforschung von bisher unzureichend verstandenen Ph\u00e4nomenen und Anomalien an den Grenzen unseres Wissens.","publisher":{"@id":"https:\/\/igpp.de\/en\/#organization"},"potentialAction":[{"@type":"SearchAction","target":{"@type":"EntryPoint","urlTemplate":"https:\/\/igpp.de\/en\/?s={search_term_string}"},"query-input":{"@type":"PropertyValueSpecification","valueRequired":true,"valueName":"search_term_string"}}],"inLanguage":"en-US"},{"@type":"Organization","@id":"https:\/\/igpp.de\/en\/#organization","name":"IGPP Institut f\u00fcr Grenzgebiete der Psychologie und Psychohygiene","url":"https:\/\/igpp.de\/en\/","logo":{"@type":"ImageObject","inLanguage":"en-US","@id":"https:\/\/igpp.de\/en\/#\/schema\/logo\/image\/","url":"https:\/\/igpp.de\/wp-content\/uploads\/2023\/12\/IGPP-Logo-Bild-Wordmarke.svg","contentUrl":"https:\/\/igpp.de\/wp-content\/uploads\/2023\/12\/IGPP-Logo-Bild-Wordmarke.svg","width":132,"height":28,"caption":"IGPP Institut f\u00fcr Grenzgebiete der Psychologie und Psychohygiene"},"image":{"@id":"https:\/\/igpp.de\/en\/#\/schema\/logo\/image\/"},"sameAs":["https:\/\/x.com\/IGPP_Freiburg","https:\/\/www.youtube.com\/@igppfreiburg2985","https:\/\/bsky.app\/profile\/igpp.bsky.social"]}]}},"_links":{"self":[{"href":"https:\/\/igpp.de\/en\/wp-json\/wp\/v2\/pages\/7283","targetHints":{"allow":["GET"]}}],"collection":[{"href":"https:\/\/igpp.de\/en\/wp-json\/wp\/v2\/pages"}],"about":[{"href":"https:\/\/igpp.de\/en\/wp-json\/wp\/v2\/types\/page"}],"author":[{"embeddable":true,"href":"https:\/\/igpp.de\/en\/wp-json\/wp\/v2\/users\/3"}],"replies":[{"embeddable":true,"href":"https:\/\/igpp.de\/en\/wp-json\/wp\/v2\/comments?post=7283"}],"version-history":[{"count":3,"href":"https:\/\/igpp.de\/en\/wp-json\/wp\/v2\/pages\/7283\/revisions"}],"predecessor-version":[{"id":8025,"href":"https:\/\/igpp.de\/en\/wp-json\/wp\/v2\/pages\/7283\/revisions\/8025"}],"up":[{"embeddable":true,"href":"https:\/\/igpp.de\/en\/wp-json\/wp\/v2\/pages\/7361"}],"wp:attachment":[{"href":"https:\/\/igpp.de\/en\/wp-json\/wp\/v2\/media?parent=7283"}],"wp:term":[{"taxonomy":"category","embeddable":true,"href":"https:\/\/igpp.de\/en\/wp-json\/wp\/v2\/categories?post=7283"},{"taxonomy":"post_tag","embeddable":true,"href":"https:\/\/igpp.de\/en\/wp-json\/wp\/v2\/tags?post=7283"}],"curies":[{"name":"wp","href":"https:\/\/api.w.org\/{rel}","templated":true}]}}