{"id":7482,"date":"2023-12-07T11:31:21","date_gmt":"2023-12-07T10:31:21","guid":{"rendered":"https:\/\/igpp.de\/research-areas\/mind-and-matter\/"},"modified":"2026-03-11T18:08:51","modified_gmt":"2026-03-11T17:08:51","slug":"mind-and-matter","status":"publish","type":"page","link":"https:\/\/igpp.de\/en\/research\/research-areas\/mind-and-matter\/","title":{"rendered":"Mind and Matter"},"content":{"rendered":"[vc_row type=&#8221;in_container&#8221; full_screen_row_position=&#8221;middle&#8221; column_margin=&#8221;default&#8221; column_direction=&#8221;default&#8221; column_direction_tablet=&#8221;default&#8221; column_direction_phone=&#8221;default&#8221; scene_position=&#8221;center&#8221; top_margin=&#8221;5%&#8221; text_color=&#8221;dark&#8221; text_align=&#8221;left&#8221; row_border_radius=&#8221;none&#8221; row_border_radius_applies=&#8221;bg&#8221; overflow=&#8221;visible&#8221; overlay_strength=&#8221;0.3&#8243; gradient_direction=&#8221;left_to_right&#8221; shape_divider_position=&#8221;bottom&#8221; bg_image_animation=&#8221;none&#8221; gradient_type=&#8221;default&#8221; shape_type=&#8221;&#8221;][vc_column column_padding=&#8221;no-extra-padding&#8221; column_padding_tablet=&#8221;inherit&#8221; column_padding_phone=&#8221;inherit&#8221; column_padding_position=&#8221;all&#8221; column_element_direction_desktop=&#8221;default&#8221; column_element_spacing=&#8221;default&#8221; desktop_text_alignment=&#8221;default&#8221; tablet_text_alignment=&#8221;default&#8221; phone_text_alignment=&#8221;default&#8221; background_color_opacity=&#8221;1&#8243; background_hover_color_opacity=&#8221;1&#8243; column_backdrop_filter=&#8221;none&#8221; column_shadow=&#8221;none&#8221; column_border_radius=&#8221;none&#8221; column_link_target=&#8221;_self&#8221; column_position=&#8221;default&#8221; gradient_direction=&#8221;left_to_right&#8221; overlay_strength=&#8221;0.3&#8243; width=&#8221;1\/1&#8243; tablet_width_inherit=&#8221;default&#8221; animation_type=&#8221;default&#8221; bg_image_animation=&#8221;none&#8221; border_type=&#8221;simple&#8221; column_border_width=&#8221;none&#8221; column_border_style=&#8221;solid&#8221;][vc_custom_heading text=&#8221;Research Area&#8221; font_container=&#8221;tag:h2|font_size:20|text_align:left|color:%2328a899&#8243; google_fonts=&#8221;font_family:Montserrat%3Aregular%2C700|font_style:700%20bold%20regular%3A700%3Anormal&#8221;][vc_custom_heading text=&#8221;Mind and Matter&#8221; font_container=&#8221;tag:h1|text_align:left&#8221; use_theme_fonts=&#8221;yes&#8221; css=&#8221;.vc_custom_1751887321962{margin-bottom: 50px !important;}&#8221;][vc_column_text]The mind-matter problem (also known as the mind-body problem or the psychophysical problem) deals with one of the fundamental questions of humanity: How is the human mind or our consciousness connected to the material world? The brain is connected to our consciousness in a way that has not yet been understood. However, natural sciences mainly deal with the 3rd person perspective on objects and processes of the world. This also includes many areas of classical psychology that deal with the observation of behavior. Conscious experience, however, relates to the 1st person perspective. There is something that feels like being and experiencing. Conscious states have an ego mode of the given, an experience that is inherently given to me. The phenomenally given is mine. This quality of being mine in experience contains an experienced self to which the experienced relates qualitatively. In recent years, several theories have been developed that provide a functional-mathematical framework for the explanation of consciousness, but nevertheless remain in the 3rd person perspective.[\/vc_column_text][vc_column_text]In relation to the research work at the IGPP, \u201c<strong>dual-aspect monism<\/strong>\u201d may offer a way out of the problem area mentioned, as mind and matter are treated as dual, equally important aspects of an underlying, psychophysically neutral reality.<br \/>\nIn the \u201c<a href=\"https:\/\/igpp.de\/en\/research-project\/perception-and-cognition\/\">Perception and Cognition<\/a>\u201d working group, we are concerned in this context with the question of how we construct stable and reliable perceptual impressions from incomplete, noisy and often ambiguous information available to our senses and how well these represent ontological reality. We investigate perceptual processes, illusions, instabilities and anomalies in perception, and how these are related to neuronal processes in the brain.<br \/>\nThe working group \u201c<a href=\"https:\/\/igpp.de\/en\/research-project\/perception-and-awareness-of-time\/\">Perception and Awareness of Time<\/a>\u201d investigates the underrepresented but essential aspect of time consciousness in the brain-consciousness debate. Phenomenal consciousness is temporally extended in the experienced moment and is linked to self-perception through the dynamics and continuity experienced.[\/vc_column_text][\/vc_column][\/vc_row][vc_row type=&#8221;full_width_background&#8221; full_screen_row_position=&#8221;middle&#8221; column_margin=&#8221;default&#8221; column_direction=&#8221;default&#8221; column_direction_tablet=&#8221;default&#8221; column_direction_phone=&#8221;default&#8221; scene_position=&#8221;center&#8221; top_margin=&#8221;8%&#8221; top_margin_phone=&#8221;10%&#8221; text_color=&#8221;dark&#8221; text_align=&#8221;left&#8221; row_border_radius=&#8221;none&#8221; row_border_radius_applies=&#8221;bg&#8221; overflow=&#8221;visible&#8221; advanced_gradient_angle=&#8221;0&#8243; overlay_strength=&#8221;0.3&#8243; gradient_direction=&#8221;left_to_right&#8221; shape_divider_position=&#8221;bottom&#8221; bg_image_animation=&#8221;none&#8221; gradient_type=&#8221;default&#8221; shape_type=&#8221;&#8221;][vc_column column_padding=&#8221;no-extra-padding&#8221; column_padding_tablet=&#8221;inherit&#8221; column_padding_phone=&#8221;inherit&#8221; column_padding_position=&#8221;all&#8221; column_element_direction_desktop=&#8221;default&#8221; column_element_spacing=&#8221;0px&#8221; desktop_text_alignment=&#8221;default&#8221; tablet_text_alignment=&#8221;default&#8221; phone_text_alignment=&#8221;default&#8221; background_color_opacity=&#8221;1&#8243; background_hover_color_opacity=&#8221;1&#8243; column_backdrop_filter=&#8221;none&#8221; column_shadow=&#8221;none&#8221; column_border_radius=&#8221;none&#8221; column_link_target=&#8221;_self&#8221; column_position=&#8221;default&#8221; advanced_gradient_angle=&#8221;0&#8243; gradient_direction=&#8221;left_to_right&#8221; overlay_strength=&#8221;0.3&#8243; width=&#8221;1\/1&#8243; tablet_width_inherit=&#8221;default&#8221; animation_type=&#8221;default&#8221; bg_image_animation=&#8221;none&#8221; border_type=&#8221;simple&#8221; column_border_width=&#8221;none&#8221; column_border_style=&#8221;solid&#8221; gradient_type=&#8221;default&#8221; column_padding_type=&#8221;default&#8221;][vc_custom_heading text=&#8221;Research Focus&#8221; use_theme_fonts=&#8221;yes&#8221; css=&#8221;.vc_custom_1773248927857{margin-bottom: 3% !important;}&#8221;][nectar_post_grid post_type=&#8221;custom&#8221; cpt_name=&#8221;portfolio&#8221; order=&#8221;ASC&#8221; orderby=&#8221;date&#8221; mtm_eventdate_filter=&#8221;all&#8221; pagination=&#8221;none&#8221; columns=&#8221;3&#8243; columns_tablet=&#8221;default&#8221; columns_phone=&#8221;default&#8221; grid_item_spacing=&#8221;15px&#8221; grid_item_height=&#8221;50vh&#8221; 3_col_masonry_layout=&#8221;default&#8221; image_size=&#8221;large&#8221; aspect_ratio_image_size=&#8221;yes&#8221; custom_image_aspect_ratio=&#8221;4-3&#8243; image_loading=&#8221;lazy-load&#8221; animation=&#8221;none&#8221; animation_stagger=&#8221;90&#8243; animation_easing=&#8221;default&#8221; heading_tag=&#8221;h4&#8243; enable_indicator=&#8221;yes&#8221; mouse_indicator_style=&#8221;default&#8221; mouse_indicator_text=&#8221;read&#8221; mouse_indicator_color=&#8221;rgba(10,10,10,0.24)&#8221; mouse_indicator_text_color=&#8221;#ffffff&#8221; mouse_indicator_blurred_bg=&#8221;yes&#8221; display_categories=&#8221;yes&#8221; category_functionality=&#8221;default&#8221; category_position=&#8221;default&#8221; category_style=&#8221;button&#8221; category_display=&#8221;parent_only&#8221; display_excerpt=&#8221;yes&#8221; excerpt_display=&#8221;default&#8221; additional_meta_size=&#8221;small&#8221; grid_style=&#8221;content_under_image&#8221; card_design=&#8221;yes&#8221; card_bg_color=&#8221;#d6ecee&#8221; content_under_image_text_align=&#8221;left&#8221; text_color=&#8221;dark&#8221; hover_effect=&#8221;animated_underline_zoom&#8221; border_radius=&#8221;none&#8221; posts_per_page=&#8221;5&#8243; display_type=&#8221;grid&#8221; excerpt_length=&#8221;20&#8243; custom_query_tax=&#8221;18&#8243; custom_font_size=&#8221;20&#8243;][\/vc_column][\/vc_row][vc_row type=&#8221;in_container&#8221; full_screen_row_position=&#8221;middle&#8221; column_margin=&#8221;default&#8221; column_direction=&#8221;default&#8221; column_direction_tablet=&#8221;default&#8221; column_direction_phone=&#8221;default&#8221; scene_position=&#8221;center&#8221; text_color=&#8221;dark&#8221; text_align=&#8221;left&#8221; row_border_radius=&#8221;none&#8221; row_border_radius_applies=&#8221;bg&#8221; overflow=&#8221;visible&#8221; overlay_strength=&#8221;0.3&#8243; gradient_direction=&#8221;left_to_right&#8221; shape_divider_position=&#8221;bottom&#8221; bg_image_animation=&#8221;none&#8221;][vc_column column_padding=&#8221;no-extra-padding&#8221; column_padding_tablet=&#8221;inherit&#8221; column_padding_phone=&#8221;inherit&#8221; column_padding_position=&#8221;all&#8221; column_element_direction_desktop=&#8221;default&#8221; column_element_spacing=&#8221;default&#8221; desktop_text_alignment=&#8221;default&#8221; tablet_text_alignment=&#8221;default&#8221; phone_text_alignment=&#8221;default&#8221; background_color_opacity=&#8221;1&#8243; background_hover_color_opacity=&#8221;1&#8243; column_backdrop_filter=&#8221;none&#8221; column_shadow=&#8221;none&#8221; column_border_radius=&#8221;none&#8221; column_link_target=&#8221;_self&#8221; column_position=&#8221;default&#8221; gradient_direction=&#8221;left_to_right&#8221; overlay_strength=&#8221;0.3&#8243; width=&#8221;1\/1&#8243; tablet_width_inherit=&#8221;default&#8221; animation_type=&#8221;default&#8221; bg_image_animation=&#8221;none&#8221; border_type=&#8221;simple&#8221; column_border_width=&#8221;none&#8221; column_border_style=&#8221;solid&#8221;][divider line_type=&#8221;No Line&#8221; custom_height=&#8221;100&#8243;][\/vc_column][\/vc_row]\n","protected":false},"excerpt":{"rendered":"<p>How is the human mind or our consciousness connected to the material world?<\/p>\n","protected":false},"author":3,"featured_media":3775,"parent":7444,"menu_order":0,"comment_status":"closed","ping_status":"closed","template":"","meta":{"inline_featured_image":false,"footnotes":""},"categories":[73],"tags":[],"class_list":{"0":"post-7482","1":"page","2":"type-page","3":"status-publish","4":"has-post-thumbnail","6":"category-research"},"yoast_head":"<!-- This site is optimized with the Yoast SEO plugin v25.3.1 - https:\/\/yoast.com\/wordpress\/plugins\/seo\/ -->\n<title>Mind and Matter - IGPP Institut f\u00fcr Grenzgebiete der Psychologie und Psychohygiene<\/title>\n<meta name=\"robots\" content=\"index, follow, max-snippet:-1, max-image-preview:large, max-video-preview:-1\" \/>\n<link rel=\"canonical\" href=\"https:\/\/igpp.de\/en\/research\/research-areas\/mind-and-matter\/\" \/>\n<meta property=\"og:locale\" content=\"en_US\" \/>\n<meta property=\"og:type\" content=\"article\" \/>\n<meta property=\"og:title\" content=\"Mind and Matter - IGPP Institut f\u00fcr Grenzgebiete der Psychologie und Psychohygiene\" \/>\n<meta property=\"og:description\" content=\"How is the human mind or our consciousness connected to the material world?\" \/>\n<meta property=\"og:url\" content=\"https:\/\/igpp.de\/en\/research\/research-areas\/mind-and-matter\/\" \/>\n<meta property=\"og:site_name\" content=\"IGPP Institut f\u00fcr Grenzgebiete der Psychologie und Psychohygiene\" \/>\n<meta property=\"article:modified_time\" content=\"2026-03-11T17:08:51+00:00\" \/>\n<meta property=\"og:image\" content=\"https:\/\/igpp.de\/wp-content\/uploads\/2023\/12\/Penrose-dreieck_white_line3px.png\" \/>\n\t<meta property=\"og:image:width\" content=\"800\" \/>\n\t<meta property=\"og:image:height\" content=\"600\" \/>\n\t<meta property=\"og:image:type\" content=\"image\/png\" \/>\n<meta name=\"twitter:card\" content=\"summary_large_image\" \/>\n<meta name=\"twitter:site\" content=\"@IGPP_Freiburg\" \/>\n<meta name=\"twitter:label1\" content=\"Est. reading time\" \/>\n\t<meta name=\"twitter:data1\" content=\"4 minutes\" \/>\n<script type=\"application\/ld+json\" class=\"yoast-schema-graph\">{\"@context\":\"https:\/\/schema.org\",\"@graph\":[{\"@type\":\"WebPage\",\"@id\":\"https:\/\/igpp.de\/en\/research\/research-areas\/mind-and-matter\/\",\"url\":\"https:\/\/igpp.de\/en\/research\/research-areas\/mind-and-matter\/\",\"name\":\"Mind and Matter - IGPP Institut f\u00fcr Grenzgebiete der Psychologie und Psychohygiene\",\"isPartOf\":{\"@id\":\"https:\/\/igpp.de\/en\/#website\"},\"primaryImageOfPage\":{\"@id\":\"https:\/\/igpp.de\/en\/research\/research-areas\/mind-and-matter\/#primaryimage\"},\"image\":{\"@id\":\"https:\/\/igpp.de\/en\/research\/research-areas\/mind-and-matter\/#primaryimage\"},\"thumbnailUrl\":\"https:\/\/igpp.de\/wp-content\/uploads\/2023\/12\/Penrose-dreieck_white_line3px.png\",\"datePublished\":\"2023-12-07T10:31:21+00:00\",\"dateModified\":\"2026-03-11T17:08:51+00:00\",\"breadcrumb\":{\"@id\":\"https:\/\/igpp.de\/en\/research\/research-areas\/mind-and-matter\/#breadcrumb\"},\"inLanguage\":\"en-US\",\"potentialAction\":[{\"@type\":\"ReadAction\",\"target\":[\"https:\/\/igpp.de\/en\/research\/research-areas\/mind-and-matter\/\"]}]},{\"@type\":\"ImageObject\",\"inLanguage\":\"en-US\",\"@id\":\"https:\/\/igpp.de\/en\/research\/research-areas\/mind-and-matter\/#primaryimage\",\"url\":\"https:\/\/igpp.de\/wp-content\/uploads\/2023\/12\/Penrose-dreieck_white_line3px.png\",\"contentUrl\":\"https:\/\/igpp.de\/wp-content\/uploads\/2023\/12\/Penrose-dreieck_white_line3px.png\",\"width\":800,\"height\":600,\"caption\":\"Penrose-Dreieck\"},{\"@type\":\"BreadcrumbList\",\"@id\":\"https:\/\/igpp.de\/en\/research\/research-areas\/mind-and-matter\/#breadcrumb\",\"itemListElement\":[{\"@type\":\"ListItem\",\"position\":1,\"name\":\"Startseite\",\"item\":\"https:\/\/igpp.de\/en\/\"},{\"@type\":\"ListItem\",\"position\":2,\"name\":\"Research\",\"item\":\"https:\/\/igpp.de\/en\/research\/\"},{\"@type\":\"ListItem\",\"position\":3,\"name\":\"Research Areas\",\"item\":\"https:\/\/igpp.de\/en\/research\/research-areas\/\"},{\"@type\":\"ListItem\",\"position\":4,\"name\":\"Mind and Matter\"}]},{\"@type\":\"WebSite\",\"@id\":\"https:\/\/igpp.de\/en\/#website\",\"url\":\"https:\/\/igpp.de\/en\/\",\"name\":\"IGPP Institut f\u00fcr Grenzgebiete der Psychologie und Psychohygiene\",\"description\":\"Systematischen und interdisziplin\u00e4ren Erforschung von bisher unzureichend verstandenen Ph\u00e4nomenen und Anomalien an den Grenzen unseres Wissens.\",\"publisher\":{\"@id\":\"https:\/\/igpp.de\/en\/#organization\"},\"potentialAction\":[{\"@type\":\"SearchAction\",\"target\":{\"@type\":\"EntryPoint\",\"urlTemplate\":\"https:\/\/igpp.de\/en\/?s={search_term_string}\"},\"query-input\":{\"@type\":\"PropertyValueSpecification\",\"valueRequired\":true,\"valueName\":\"search_term_string\"}}],\"inLanguage\":\"en-US\"},{\"@type\":\"Organization\",\"@id\":\"https:\/\/igpp.de\/en\/#organization\",\"name\":\"IGPP Institut f\u00fcr Grenzgebiete der Psychologie und Psychohygiene\",\"url\":\"https:\/\/igpp.de\/en\/\",\"logo\":{\"@type\":\"ImageObject\",\"inLanguage\":\"en-US\",\"@id\":\"https:\/\/igpp.de\/en\/#\/schema\/logo\/image\/\",\"url\":\"https:\/\/igpp.de\/wp-content\/uploads\/2023\/12\/IGPP-Logo-Bild-Wordmarke.svg\",\"contentUrl\":\"https:\/\/igpp.de\/wp-content\/uploads\/2023\/12\/IGPP-Logo-Bild-Wordmarke.svg\",\"width\":132,\"height\":28,\"caption\":\"IGPP Institut f\u00fcr Grenzgebiete der Psychologie und Psychohygiene\"},\"image\":{\"@id\":\"https:\/\/igpp.de\/en\/#\/schema\/logo\/image\/\"},\"sameAs\":[\"https:\/\/x.com\/IGPP_Freiburg\",\"https:\/\/www.youtube.com\/@igppfreiburg2985\",\"https:\/\/bsky.app\/profile\/igpp.bsky.social\"]}]}<\/script>\n<!-- \/ Yoast SEO plugin. -->","yoast_head_json":{"title":"Mind and Matter - IGPP Institut f\u00fcr Grenzgebiete der Psychologie und Psychohygiene","robots":{"index":"index","follow":"follow","max-snippet":"max-snippet:-1","max-image-preview":"max-image-preview:large","max-video-preview":"max-video-preview:-1"},"canonical":"https:\/\/igpp.de\/en\/research\/research-areas\/mind-and-matter\/","og_locale":"en_US","og_type":"article","og_title":"Mind and Matter - IGPP Institut f\u00fcr Grenzgebiete der Psychologie und Psychohygiene","og_description":"How is the human mind or our consciousness connected to the material world?","og_url":"https:\/\/igpp.de\/en\/research\/research-areas\/mind-and-matter\/","og_site_name":"IGPP Institut f\u00fcr Grenzgebiete der Psychologie und Psychohygiene","article_modified_time":"2026-03-11T17:08:51+00:00","og_image":[{"width":800,"height":600,"url":"https:\/\/igpp.de\/wp-content\/uploads\/2023\/12\/Penrose-dreieck_white_line3px.png","type":"image\/png"}],"twitter_card":"summary_large_image","twitter_site":"@IGPP_Freiburg","twitter_misc":{"Est. reading time":"4 minutes"},"schema":{"@context":"https:\/\/schema.org","@graph":[{"@type":"WebPage","@id":"https:\/\/igpp.de\/en\/research\/research-areas\/mind-and-matter\/","url":"https:\/\/igpp.de\/en\/research\/research-areas\/mind-and-matter\/","name":"Mind and Matter - IGPP Institut f\u00fcr Grenzgebiete der Psychologie und Psychohygiene","isPartOf":{"@id":"https:\/\/igpp.de\/en\/#website"},"primaryImageOfPage":{"@id":"https:\/\/igpp.de\/en\/research\/research-areas\/mind-and-matter\/#primaryimage"},"image":{"@id":"https:\/\/igpp.de\/en\/research\/research-areas\/mind-and-matter\/#primaryimage"},"thumbnailUrl":"https:\/\/igpp.de\/wp-content\/uploads\/2023\/12\/Penrose-dreieck_white_line3px.png","datePublished":"2023-12-07T10:31:21+00:00","dateModified":"2026-03-11T17:08:51+00:00","breadcrumb":{"@id":"https:\/\/igpp.de\/en\/research\/research-areas\/mind-and-matter\/#breadcrumb"},"inLanguage":"en-US","potentialAction":[{"@type":"ReadAction","target":["https:\/\/igpp.de\/en\/research\/research-areas\/mind-and-matter\/"]}]},{"@type":"ImageObject","inLanguage":"en-US","@id":"https:\/\/igpp.de\/en\/research\/research-areas\/mind-and-matter\/#primaryimage","url":"https:\/\/igpp.de\/wp-content\/uploads\/2023\/12\/Penrose-dreieck_white_line3px.png","contentUrl":"https:\/\/igpp.de\/wp-content\/uploads\/2023\/12\/Penrose-dreieck_white_line3px.png","width":800,"height":600,"caption":"Penrose-Dreieck"},{"@type":"BreadcrumbList","@id":"https:\/\/igpp.de\/en\/research\/research-areas\/mind-and-matter\/#breadcrumb","itemListElement":[{"@type":"ListItem","position":1,"name":"Startseite","item":"https:\/\/igpp.de\/en\/"},{"@type":"ListItem","position":2,"name":"Research","item":"https:\/\/igpp.de\/en\/research\/"},{"@type":"ListItem","position":3,"name":"Research Areas","item":"https:\/\/igpp.de\/en\/research\/research-areas\/"},{"@type":"ListItem","position":4,"name":"Mind and Matter"}]},{"@type":"WebSite","@id":"https:\/\/igpp.de\/en\/#website","url":"https:\/\/igpp.de\/en\/","name":"IGPP Institut f\u00fcr Grenzgebiete der Psychologie und Psychohygiene","description":"Systematischen und interdisziplin\u00e4ren Erforschung von bisher unzureichend verstandenen Ph\u00e4nomenen und Anomalien an den Grenzen unseres Wissens.","publisher":{"@id":"https:\/\/igpp.de\/en\/#organization"},"potentialAction":[{"@type":"SearchAction","target":{"@type":"EntryPoint","urlTemplate":"https:\/\/igpp.de\/en\/?s={search_term_string}"},"query-input":{"@type":"PropertyValueSpecification","valueRequired":true,"valueName":"search_term_string"}}],"inLanguage":"en-US"},{"@type":"Organization","@id":"https:\/\/igpp.de\/en\/#organization","name":"IGPP Institut f\u00fcr Grenzgebiete der Psychologie und Psychohygiene","url":"https:\/\/igpp.de\/en\/","logo":{"@type":"ImageObject","inLanguage":"en-US","@id":"https:\/\/igpp.de\/en\/#\/schema\/logo\/image\/","url":"https:\/\/igpp.de\/wp-content\/uploads\/2023\/12\/IGPP-Logo-Bild-Wordmarke.svg","contentUrl":"https:\/\/igpp.de\/wp-content\/uploads\/2023\/12\/IGPP-Logo-Bild-Wordmarke.svg","width":132,"height":28,"caption":"IGPP Institut f\u00fcr Grenzgebiete der Psychologie und Psychohygiene"},"image":{"@id":"https:\/\/igpp.de\/en\/#\/schema\/logo\/image\/"},"sameAs":["https:\/\/x.com\/IGPP_Freiburg","https:\/\/www.youtube.com\/@igppfreiburg2985","https:\/\/bsky.app\/profile\/igpp.bsky.social"]}]}},"_links":{"self":[{"href":"https:\/\/igpp.de\/en\/wp-json\/wp\/v2\/pages\/7482","targetHints":{"allow":["GET"]}}],"collection":[{"href":"https:\/\/igpp.de\/en\/wp-json\/wp\/v2\/pages"}],"about":[{"href":"https:\/\/igpp.de\/en\/wp-json\/wp\/v2\/types\/page"}],"author":[{"embeddable":true,"href":"https:\/\/igpp.de\/en\/wp-json\/wp\/v2\/users\/3"}],"replies":[{"embeddable":true,"href":"https:\/\/igpp.de\/en\/wp-json\/wp\/v2\/comments?post=7482"}],"version-history":[{"count":16,"href":"https:\/\/igpp.de\/en\/wp-json\/wp\/v2\/pages\/7482\/revisions"}],"predecessor-version":[{"id":9634,"href":"https:\/\/igpp.de\/en\/wp-json\/wp\/v2\/pages\/7482\/revisions\/9634"}],"up":[{"embeddable":true,"href":"https:\/\/igpp.de\/en\/wp-json\/wp\/v2\/pages\/7444"}],"wp:featuredmedia":[{"embeddable":true,"href":"https:\/\/igpp.de\/en\/wp-json\/wp\/v2\/media\/3775"}],"wp:attachment":[{"href":"https:\/\/igpp.de\/en\/wp-json\/wp\/v2\/media?parent=7482"}],"wp:term":[{"taxonomy":"category","embeddable":true,"href":"https:\/\/igpp.de\/en\/wp-json\/wp\/v2\/categories?post=7482"},{"taxonomy":"post_tag","embeddable":true,"href":"https:\/\/igpp.de\/en\/wp-json\/wp\/v2\/tags?post=7482"}],"curies":[{"name":"wp","href":"https:\/\/api.w.org\/{rel}","templated":true}]}}