{"id":7503,"date":"2023-12-07T11:31:54","date_gmt":"2023-12-07T10:31:54","guid":{"rendered":"https:\/\/igpp.de\/research-areas\/parapsychology-and-paranormal-phenomena\/"},"modified":"2026-03-11T18:08:09","modified_gmt":"2026-03-11T17:08:09","slug":"parapsychology-and-paranormal-phenomena","status":"publish","type":"page","link":"https:\/\/igpp.de\/en\/research\/research-areas\/parapsychology-and-paranormal-phenomena\/","title":{"rendered":"Parapsychology and Paranormal Phenomena"},"content":{"rendered":"[vc_row type=&#8221;in_container&#8221; full_screen_row_position=&#8221;middle&#8221; column_margin=&#8221;default&#8221; column_direction=&#8221;default&#8221; column_direction_tablet=&#8221;default&#8221; column_direction_phone=&#8221;default&#8221; scene_position=&#8221;center&#8221; top_margin=&#8221;5%&#8221; text_color=&#8221;dark&#8221; text_align=&#8221;left&#8221; row_border_radius=&#8221;none&#8221; row_border_radius_applies=&#8221;bg&#8221; overflow=&#8221;visible&#8221; overlay_strength=&#8221;0.3&#8243; gradient_direction=&#8221;left_to_right&#8221; shape_divider_position=&#8221;bottom&#8221; bg_image_animation=&#8221;none&#8221; gradient_type=&#8221;default&#8221; shape_type=&#8221;&#8221;][vc_column column_padding=&#8221;no-extra-padding&#8221; column_padding_tablet=&#8221;inherit&#8221; column_padding_phone=&#8221;inherit&#8221; column_padding_position=&#8221;all&#8221; column_element_direction_desktop=&#8221;default&#8221; column_element_spacing=&#8221;default&#8221; desktop_text_alignment=&#8221;default&#8221; tablet_text_alignment=&#8221;default&#8221; phone_text_alignment=&#8221;default&#8221; background_color_opacity=&#8221;1&#8243; background_hover_color_opacity=&#8221;1&#8243; column_backdrop_filter=&#8221;none&#8221; column_shadow=&#8221;none&#8221; column_border_radius=&#8221;none&#8221; column_link_target=&#8221;_self&#8221; column_position=&#8221;default&#8221; gradient_direction=&#8221;left_to_right&#8221; overlay_strength=&#8221;0.3&#8243; width=&#8221;1\/1&#8243; tablet_width_inherit=&#8221;default&#8221; animation_type=&#8221;default&#8221; bg_image_animation=&#8221;none&#8221; border_type=&#8221;simple&#8221; column_border_width=&#8221;none&#8221; column_border_style=&#8221;solid&#8221;][vc_custom_heading text=&#8221;Research Area&#8221; font_container=&#8221;tag:h2|font_size:20|text_align:left|color:%2328a899&#8243; google_fonts=&#8221;font_family:Montserrat%3Aregular%2C700|font_style:700%20bold%20regular%3A700%3Anormal&#8221;][vc_custom_heading text=&#8221;Parapsychology and Paranormal Phenomena&#8221; font_container=&#8221;tag:h1|text_align:left&#8221; use_theme_fonts=&#8221;yes&#8221; css=&#8221;.vc_custom_1751979849601{margin-bottom: 50px !important;}&#8221;][vc_column_text]In the context of the Institute&#8217;s work, the term <strong>parapsychology<\/strong> refers to the methodical and systematic investigation of exceptional human phenomena and experiences from an interdisciplinary perspective. In the relevant research, these phenomena are summarized under the Greek letter &#8220;psi&#8221; (\u03a8) and usually examined in detail under &#8220;extrasensory perception (ESP)&#8221; and &#8220;psychokinesis (PK)&#8221;.[\/vc_column_text][toggles style=&#8221;minimal_small&#8221;][toggle color=&#8221;Default&#8221; heading_tag=&#8221;h6&#8243; heading_tag_functionality=&#8221;default&#8221; title=&#8221;Learn more&#8221;][nectar_responsive_text font_size_desktop=&#8221;16&#8243; font_line_height=&#8221;1.8&#8243;]ESP refers to phenomena such as telepathy, clairvoyance and precognition, which give the impression that they occur &#8220;outside&#8221; or independently of the usual sensory organs (popularly known as the &#8220;sixth sense&#8221;). Psychokinesis (PK) refers to phenomena that give the impression that people &#8216;directly&#8217; influence or attempt to influence physical or biological systems, whereby these influences appear to lie outside of previously known scientific interactions.<\/p>\n<p>Exceptional human phenomena and experiences have always been reported in cultural history, but their reality status has always been disputed (&#8220;psi controversy&#8221;). The task of parapsychology is to use the usual research methods of the social, cultural and natural sciences to find possible explanations for alleged psi phenomena, i.e. to distinguish potential &#8220;real&#8221; effects from unintentional perceptual illusions, deliberate attempts at deception, errors and symptoms of mental illness, and thus to contribute to educating the public (&#8220;mental health&#8221;).[\/nectar_responsive_text][divider line_type=&#8221;No Line&#8221; custom_height=&#8221;25&#8243;][image_with_animation image_url=&#8221;3721&#8243; image_size=&#8221;full&#8221; animation_type=&#8221;entrance&#8221; animation=&#8221;None&#8221; animation_movement_type=&#8221;transform_y&#8221; hover_animation=&#8221;none&#8221; alignment=&#8221;center&#8221; border_radius=&#8221;none&#8221; box_shadow=&#8221;none&#8221; image_loading=&#8221;default&#8221; max_width=&#8221;100%&#8221; max_width_mobile=&#8221;default&#8221; img_link=&#8221;https:\/\/igpp.de\/information\/allgemeine-informationen\/parapsychologisches-glossar\/&#8221;][nectar_cta btn_style=&#8221;basic&#8221; heading_tag=&#8221;p&#8221; button_color=&#8221;default&#8221; text_color=&#8221;#0056a4&#8243; button_border_thickness=&#8221;0px&#8221; link_type=&#8221;regular&#8221; alignment=&#8221;center&#8221; alignment_tablet=&#8221;default&#8221; alignment_phone=&#8221;default&#8221; display=&#8221;block&#8221; display_tablet=&#8221;inherit&#8221; display_phone=&#8221;inherit&#8221; icon_family=&#8221;none&#8221; link_text=&#8221;You can find explanations of parapsychology terms in our <b>glossary<\/b>&#8221; url=&#8221;https:\/\/igpp.de\/information\/allgemeine-informationen\/parapsychologisches-glossar\/&#8221;][\/toggle][\/toggles][\/vc_column][\/vc_row][vc_row type=&#8221;full_width_background&#8221; full_screen_row_position=&#8221;middle&#8221; column_margin=&#8221;default&#8221; column_direction=&#8221;default&#8221; column_direction_tablet=&#8221;default&#8221; column_direction_phone=&#8221;default&#8221; scene_position=&#8221;center&#8221; constrain_group_1=&#8221;yes&#8221; top_margin=&#8221;8%&#8221; top_margin_phone=&#8221;10%&#8221; text_color=&#8221;dark&#8221; text_align=&#8221;left&#8221; row_border_radius=&#8221;none&#8221; row_border_radius_applies=&#8221;bg&#8221; overflow=&#8221;visible&#8221; advanced_gradient_angle=&#8221;0&#8243; overlay_strength=&#8221;0.3&#8243; gradient_direction=&#8221;left_to_right&#8221; shape_divider_position=&#8221;bottom&#8221; bg_image_animation=&#8221;none&#8221; gradient_type=&#8221;default&#8221; shape_type=&#8221;&#8221;][vc_column column_padding=&#8221;no-extra-padding&#8221; column_padding_tablet=&#8221;inherit&#8221; column_padding_phone=&#8221;inherit&#8221; column_padding_position=&#8221;all&#8221; column_element_direction_desktop=&#8221;default&#8221; column_element_spacing=&#8221;0px&#8221; desktop_text_alignment=&#8221;default&#8221; tablet_text_alignment=&#8221;default&#8221; phone_text_alignment=&#8221;default&#8221; background_color_opacity=&#8221;1&#8243; background_hover_color_opacity=&#8221;1&#8243; column_backdrop_filter=&#8221;none&#8221; column_shadow=&#8221;none&#8221; column_border_radius=&#8221;none&#8221; column_link_target=&#8221;_self&#8221; column_position=&#8221;default&#8221; advanced_gradient_angle=&#8221;0&#8243; gradient_direction=&#8221;left_to_right&#8221; overlay_strength=&#8221;0.3&#8243; width=&#8221;1\/1&#8243; tablet_width_inherit=&#8221;default&#8221; animation_type=&#8221;default&#8221; bg_image_animation=&#8221;none&#8221; border_type=&#8221;simple&#8221; column_border_width=&#8221;none&#8221; column_border_style=&#8221;solid&#8221; gradient_type=&#8221;default&#8221; column_padding_type=&#8221;default&#8221;][vc_custom_heading text=&#8221;Research Focus&#8221; use_theme_fonts=&#8221;yes&#8221; css=&#8221;.vc_custom_1773248886952{margin-bottom: 3% !important;}&#8221;][nectar_post_grid post_type=&#8221;custom&#8221; cpt_name=&#8221;portfolio&#8221; order=&#8221;ASC&#8221; orderby=&#8221;date&#8221; mtm_eventdate_filter=&#8221;all&#8221; pagination=&#8221;none&#8221; columns=&#8221;3&#8243; columns_tablet=&#8221;default&#8221; columns_phone=&#8221;default&#8221; grid_item_spacing=&#8221;15px&#8221; grid_item_height=&#8221;50vh&#8221; 3_col_masonry_layout=&#8221;default&#8221; image_size=&#8221;large&#8221; aspect_ratio_image_size=&#8221;yes&#8221; custom_image_aspect_ratio=&#8221;4-3&#8243; image_loading=&#8221;lazy-load&#8221; animation=&#8221;none&#8221; animation_stagger=&#8221;90&#8243; animation_easing=&#8221;default&#8221; heading_tag=&#8221;h4&#8243; enable_indicator=&#8221;yes&#8221; mouse_indicator_style=&#8221;default&#8221; mouse_indicator_text=&#8221;read&#8221; mouse_indicator_color=&#8221;rgba(10,10,10,0.24)&#8221; mouse_indicator_text_color=&#8221;#ffffff&#8221; mouse_indicator_blurred_bg=&#8221;yes&#8221; display_categories=&#8221;yes&#8221; category_functionality=&#8221;default&#8221; category_position=&#8221;default&#8221; category_style=&#8221;button&#8221; category_display=&#8221;parent_only&#8221; display_excerpt=&#8221;yes&#8221; excerpt_display=&#8221;default&#8221; additional_meta_size=&#8221;small&#8221; grid_style=&#8221;content_under_image&#8221; card_design=&#8221;yes&#8221; card_bg_color=&#8221;#d6ecee&#8221; content_under_image_text_align=&#8221;left&#8221; text_color=&#8221;dark&#8221; hover_effect=&#8221;animated_underline_zoom&#8221; border_radius=&#8221;none&#8221; posts_per_page=&#8221;9&#8243; display_type=&#8221;grid&#8221; excerpt_length=&#8221;20&#8243; custom_query_tax=&#8221;20&#8243; custom_font_size=&#8221;20&#8243;][\/vc_column][\/vc_row][vc_row type=&#8221;in_container&#8221; full_screen_row_position=&#8221;middle&#8221; column_margin=&#8221;default&#8221; column_direction=&#8221;default&#8221; column_direction_tablet=&#8221;default&#8221; column_direction_phone=&#8221;default&#8221; scene_position=&#8221;center&#8221; text_color=&#8221;dark&#8221; text_align=&#8221;left&#8221; row_border_radius=&#8221;none&#8221; row_border_radius_applies=&#8221;bg&#8221; overflow=&#8221;visible&#8221; overlay_strength=&#8221;0.3&#8243; gradient_direction=&#8221;left_to_right&#8221; shape_divider_position=&#8221;bottom&#8221; bg_image_animation=&#8221;none&#8221;][vc_column column_padding=&#8221;no-extra-padding&#8221; column_padding_tablet=&#8221;inherit&#8221; column_padding_phone=&#8221;inherit&#8221; column_padding_position=&#8221;all&#8221; column_element_direction_desktop=&#8221;default&#8221; column_element_spacing=&#8221;default&#8221; desktop_text_alignment=&#8221;default&#8221; tablet_text_alignment=&#8221;default&#8221; phone_text_alignment=&#8221;default&#8221; background_color_opacity=&#8221;1&#8243; background_hover_color_opacity=&#8221;1&#8243; column_backdrop_filter=&#8221;none&#8221; column_shadow=&#8221;none&#8221; column_border_radius=&#8221;none&#8221; column_link_target=&#8221;_self&#8221; column_position=&#8221;default&#8221; gradient_direction=&#8221;left_to_right&#8221; overlay_strength=&#8221;0.3&#8243; width=&#8221;1\/1&#8243; tablet_width_inherit=&#8221;default&#8221; animation_type=&#8221;default&#8221; bg_image_animation=&#8221;none&#8221; border_type=&#8221;simple&#8221; column_border_width=&#8221;none&#8221; column_border_style=&#8221;solid&#8221;][divider line_type=&#8221;No Line&#8221; custom_height=&#8221;100&#8243;][\/vc_column][\/vc_row]\n","protected":false},"excerpt":{"rendered":"<p>What is behind paranormal experiences such as telepathy, clairvoyance or poltergeist phenomena?<\/p>\n","protected":false},"author":3,"featured_media":5742,"parent":7444,"menu_order":0,"comment_status":"closed","ping_status":"closed","template":"","meta":{"inline_featured_image":false,"footnotes":""},"categories":[73],"tags":[],"class_list":{"0":"post-7503","1":"page","2":"type-page","3":"status-publish","4":"has-post-thumbnail","6":"category-research"},"yoast_head":"<!-- This site is optimized with the Yoast SEO plugin v25.3.1 - https:\/\/yoast.com\/wordpress\/plugins\/seo\/ -->\n<title>Parapsychology and Paranormal Phenomena - IGPP Institut f\u00fcr Grenzgebiete der Psychologie und Psychohygiene<\/title>\n<meta name=\"robots\" content=\"index, follow, max-snippet:-1, max-image-preview:large, max-video-preview:-1\" \/>\n<link rel=\"canonical\" href=\"https:\/\/igpp.de\/en\/research\/research-areas\/parapsychology-and-paranormal-phenomena\/\" \/>\n<meta property=\"og:locale\" content=\"en_US\" \/>\n<meta property=\"og:type\" content=\"article\" \/>\n<meta property=\"og:title\" content=\"Parapsychology and Paranormal Phenomena - IGPP Institut f\u00fcr Grenzgebiete der Psychologie und Psychohygiene\" \/>\n<meta property=\"og:description\" content=\"What is behind paranormal experiences such as telepathy, clairvoyance or poltergeist phenomena?\" \/>\n<meta property=\"og:url\" content=\"https:\/\/igpp.de\/en\/research\/research-areas\/parapsychology-and-paranormal-phenomena\/\" \/>\n<meta property=\"og:site_name\" content=\"IGPP Institut f\u00fcr Grenzgebiete der Psychologie und Psychohygiene\" \/>\n<meta property=\"article:modified_time\" content=\"2026-03-11T17:08:09+00:00\" \/>\n<meta property=\"og:image\" content=\"https:\/\/igpp.de\/wp-content\/uploads\/2025\/03\/bender_1971_sechster-sinn_cover.jpg\" \/>\n\t<meta property=\"og:image:width\" content=\"1200\" \/>\n\t<meta property=\"og:image:height\" content=\"900\" \/>\n\t<meta property=\"og:image:type\" content=\"image\/jpeg\" \/>\n<meta name=\"twitter:card\" content=\"summary_large_image\" \/>\n<meta name=\"twitter:site\" content=\"@IGPP_Freiburg\" \/>\n<meta name=\"twitter:label1\" content=\"Est. reading time\" \/>\n\t<meta name=\"twitter:data1\" content=\"3 minutes\" \/>\n<script type=\"application\/ld+json\" class=\"yoast-schema-graph\">{\"@context\":\"https:\/\/schema.org\",\"@graph\":[{\"@type\":\"WebPage\",\"@id\":\"https:\/\/igpp.de\/en\/research\/research-areas\/parapsychology-and-paranormal-phenomena\/\",\"url\":\"https:\/\/igpp.de\/en\/research\/research-areas\/parapsychology-and-paranormal-phenomena\/\",\"name\":\"Parapsychology and Paranormal Phenomena - IGPP Institut f\u00fcr Grenzgebiete der Psychologie und Psychohygiene\",\"isPartOf\":{\"@id\":\"https:\/\/igpp.de\/en\/#website\"},\"primaryImageOfPage\":{\"@id\":\"https:\/\/igpp.de\/en\/research\/research-areas\/parapsychology-and-paranormal-phenomena\/#primaryimage\"},\"image\":{\"@id\":\"https:\/\/igpp.de\/en\/research\/research-areas\/parapsychology-and-paranormal-phenomena\/#primaryimage\"},\"thumbnailUrl\":\"https:\/\/igpp.de\/wp-content\/uploads\/2025\/03\/bender_1971_sechster-sinn_cover.jpg\",\"datePublished\":\"2023-12-07T10:31:54+00:00\",\"dateModified\":\"2026-03-11T17:08:09+00:00\",\"breadcrumb\":{\"@id\":\"https:\/\/igpp.de\/en\/research\/research-areas\/parapsychology-and-paranormal-phenomena\/#breadcrumb\"},\"inLanguage\":\"en-US\",\"potentialAction\":[{\"@type\":\"ReadAction\",\"target\":[\"https:\/\/igpp.de\/en\/research\/research-areas\/parapsychology-and-paranormal-phenomena\/\"]}]},{\"@type\":\"ImageObject\",\"inLanguage\":\"en-US\",\"@id\":\"https:\/\/igpp.de\/en\/research\/research-areas\/parapsychology-and-paranormal-phenomena\/#primaryimage\",\"url\":\"https:\/\/igpp.de\/wp-content\/uploads\/2025\/03\/bender_1971_sechster-sinn_cover.jpg\",\"contentUrl\":\"https:\/\/igpp.de\/wp-content\/uploads\/2025\/03\/bender_1971_sechster-sinn_cover.jpg\",\"width\":1200,\"height\":900,\"caption\":\"Glaskugel\"},{\"@type\":\"BreadcrumbList\",\"@id\":\"https:\/\/igpp.de\/en\/research\/research-areas\/parapsychology-and-paranormal-phenomena\/#breadcrumb\",\"itemListElement\":[{\"@type\":\"ListItem\",\"position\":1,\"name\":\"Startseite\",\"item\":\"https:\/\/igpp.de\/en\/\"},{\"@type\":\"ListItem\",\"position\":2,\"name\":\"Research\",\"item\":\"https:\/\/igpp.de\/en\/research\/\"},{\"@type\":\"ListItem\",\"position\":3,\"name\":\"Research Areas\",\"item\":\"https:\/\/igpp.de\/en\/research\/research-areas\/\"},{\"@type\":\"ListItem\",\"position\":4,\"name\":\"Parapsychology and Paranormal Phenomena\"}]},{\"@type\":\"WebSite\",\"@id\":\"https:\/\/igpp.de\/en\/#website\",\"url\":\"https:\/\/igpp.de\/en\/\",\"name\":\"IGPP Institut f\u00fcr Grenzgebiete der Psychologie und Psychohygiene\",\"description\":\"Systematischen und interdisziplin\u00e4ren Erforschung von bisher unzureichend verstandenen Ph\u00e4nomenen und Anomalien an den Grenzen unseres Wissens.\",\"publisher\":{\"@id\":\"https:\/\/igpp.de\/en\/#organization\"},\"potentialAction\":[{\"@type\":\"SearchAction\",\"target\":{\"@type\":\"EntryPoint\",\"urlTemplate\":\"https:\/\/igpp.de\/en\/?s={search_term_string}\"},\"query-input\":{\"@type\":\"PropertyValueSpecification\",\"valueRequired\":true,\"valueName\":\"search_term_string\"}}],\"inLanguage\":\"en-US\"},{\"@type\":\"Organization\",\"@id\":\"https:\/\/igpp.de\/en\/#organization\",\"name\":\"IGPP Institut f\u00fcr Grenzgebiete der Psychologie und Psychohygiene\",\"url\":\"https:\/\/igpp.de\/en\/\",\"logo\":{\"@type\":\"ImageObject\",\"inLanguage\":\"en-US\",\"@id\":\"https:\/\/igpp.de\/en\/#\/schema\/logo\/image\/\",\"url\":\"https:\/\/igpp.de\/wp-content\/uploads\/2023\/12\/IGPP-Logo-Bild-Wordmarke.svg\",\"contentUrl\":\"https:\/\/igpp.de\/wp-content\/uploads\/2023\/12\/IGPP-Logo-Bild-Wordmarke.svg\",\"width\":132,\"height\":28,\"caption\":\"IGPP Institut f\u00fcr Grenzgebiete der Psychologie und Psychohygiene\"},\"image\":{\"@id\":\"https:\/\/igpp.de\/en\/#\/schema\/logo\/image\/\"},\"sameAs\":[\"https:\/\/x.com\/IGPP_Freiburg\",\"https:\/\/www.youtube.com\/@igppfreiburg2985\",\"https:\/\/bsky.app\/profile\/igpp.bsky.social\"]}]}<\/script>\n<!-- \/ Yoast SEO plugin. -->","yoast_head_json":{"title":"Parapsychology and Paranormal Phenomena - IGPP Institut f\u00fcr Grenzgebiete der Psychologie und Psychohygiene","robots":{"index":"index","follow":"follow","max-snippet":"max-snippet:-1","max-image-preview":"max-image-preview:large","max-video-preview":"max-video-preview:-1"},"canonical":"https:\/\/igpp.de\/en\/research\/research-areas\/parapsychology-and-paranormal-phenomena\/","og_locale":"en_US","og_type":"article","og_title":"Parapsychology and Paranormal Phenomena - IGPP Institut f\u00fcr Grenzgebiete der Psychologie und Psychohygiene","og_description":"What is behind paranormal experiences such as telepathy, clairvoyance or poltergeist phenomena?","og_url":"https:\/\/igpp.de\/en\/research\/research-areas\/parapsychology-and-paranormal-phenomena\/","og_site_name":"IGPP Institut f\u00fcr Grenzgebiete der Psychologie und Psychohygiene","article_modified_time":"2026-03-11T17:08:09+00:00","og_image":[{"width":1200,"height":900,"url":"https:\/\/igpp.de\/wp-content\/uploads\/2025\/03\/bender_1971_sechster-sinn_cover.jpg","type":"image\/jpeg"}],"twitter_card":"summary_large_image","twitter_site":"@IGPP_Freiburg","twitter_misc":{"Est. reading time":"3 minutes"},"schema":{"@context":"https:\/\/schema.org","@graph":[{"@type":"WebPage","@id":"https:\/\/igpp.de\/en\/research\/research-areas\/parapsychology-and-paranormal-phenomena\/","url":"https:\/\/igpp.de\/en\/research\/research-areas\/parapsychology-and-paranormal-phenomena\/","name":"Parapsychology and Paranormal Phenomena - IGPP Institut f\u00fcr Grenzgebiete der Psychologie und Psychohygiene","isPartOf":{"@id":"https:\/\/igpp.de\/en\/#website"},"primaryImageOfPage":{"@id":"https:\/\/igpp.de\/en\/research\/research-areas\/parapsychology-and-paranormal-phenomena\/#primaryimage"},"image":{"@id":"https:\/\/igpp.de\/en\/research\/research-areas\/parapsychology-and-paranormal-phenomena\/#primaryimage"},"thumbnailUrl":"https:\/\/igpp.de\/wp-content\/uploads\/2025\/03\/bender_1971_sechster-sinn_cover.jpg","datePublished":"2023-12-07T10:31:54+00:00","dateModified":"2026-03-11T17:08:09+00:00","breadcrumb":{"@id":"https:\/\/igpp.de\/en\/research\/research-areas\/parapsychology-and-paranormal-phenomena\/#breadcrumb"},"inLanguage":"en-US","potentialAction":[{"@type":"ReadAction","target":["https:\/\/igpp.de\/en\/research\/research-areas\/parapsychology-and-paranormal-phenomena\/"]}]},{"@type":"ImageObject","inLanguage":"en-US","@id":"https:\/\/igpp.de\/en\/research\/research-areas\/parapsychology-and-paranormal-phenomena\/#primaryimage","url":"https:\/\/igpp.de\/wp-content\/uploads\/2025\/03\/bender_1971_sechster-sinn_cover.jpg","contentUrl":"https:\/\/igpp.de\/wp-content\/uploads\/2025\/03\/bender_1971_sechster-sinn_cover.jpg","width":1200,"height":900,"caption":"Glaskugel"},{"@type":"BreadcrumbList","@id":"https:\/\/igpp.de\/en\/research\/research-areas\/parapsychology-and-paranormal-phenomena\/#breadcrumb","itemListElement":[{"@type":"ListItem","position":1,"name":"Startseite","item":"https:\/\/igpp.de\/en\/"},{"@type":"ListItem","position":2,"name":"Research","item":"https:\/\/igpp.de\/en\/research\/"},{"@type":"ListItem","position":3,"name":"Research Areas","item":"https:\/\/igpp.de\/en\/research\/research-areas\/"},{"@type":"ListItem","position":4,"name":"Parapsychology and Paranormal Phenomena"}]},{"@type":"WebSite","@id":"https:\/\/igpp.de\/en\/#website","url":"https:\/\/igpp.de\/en\/","name":"IGPP Institut f\u00fcr Grenzgebiete der Psychologie und Psychohygiene","description":"Systematischen und interdisziplin\u00e4ren Erforschung von bisher unzureichend verstandenen Ph\u00e4nomenen und Anomalien an den Grenzen unseres Wissens.","publisher":{"@id":"https:\/\/igpp.de\/en\/#organization"},"potentialAction":[{"@type":"SearchAction","target":{"@type":"EntryPoint","urlTemplate":"https:\/\/igpp.de\/en\/?s={search_term_string}"},"query-input":{"@type":"PropertyValueSpecification","valueRequired":true,"valueName":"search_term_string"}}],"inLanguage":"en-US"},{"@type":"Organization","@id":"https:\/\/igpp.de\/en\/#organization","name":"IGPP Institut f\u00fcr Grenzgebiete der Psychologie und Psychohygiene","url":"https:\/\/igpp.de\/en\/","logo":{"@type":"ImageObject","inLanguage":"en-US","@id":"https:\/\/igpp.de\/en\/#\/schema\/logo\/image\/","url":"https:\/\/igpp.de\/wp-content\/uploads\/2023\/12\/IGPP-Logo-Bild-Wordmarke.svg","contentUrl":"https:\/\/igpp.de\/wp-content\/uploads\/2023\/12\/IGPP-Logo-Bild-Wordmarke.svg","width":132,"height":28,"caption":"IGPP Institut f\u00fcr Grenzgebiete der Psychologie und Psychohygiene"},"image":{"@id":"https:\/\/igpp.de\/en\/#\/schema\/logo\/image\/"},"sameAs":["https:\/\/x.com\/IGPP_Freiburg","https:\/\/www.youtube.com\/@igppfreiburg2985","https:\/\/bsky.app\/profile\/igpp.bsky.social"]}]}},"_links":{"self":[{"href":"https:\/\/igpp.de\/en\/wp-json\/wp\/v2\/pages\/7503","targetHints":{"allow":["GET"]}}],"collection":[{"href":"https:\/\/igpp.de\/en\/wp-json\/wp\/v2\/pages"}],"about":[{"href":"https:\/\/igpp.de\/en\/wp-json\/wp\/v2\/types\/page"}],"author":[{"embeddable":true,"href":"https:\/\/igpp.de\/en\/wp-json\/wp\/v2\/users\/3"}],"replies":[{"embeddable":true,"href":"https:\/\/igpp.de\/en\/wp-json\/wp\/v2\/comments?post=7503"}],"version-history":[{"count":10,"href":"https:\/\/igpp.de\/en\/wp-json\/wp\/v2\/pages\/7503\/revisions"}],"predecessor-version":[{"id":9633,"href":"https:\/\/igpp.de\/en\/wp-json\/wp\/v2\/pages\/7503\/revisions\/9633"}],"up":[{"embeddable":true,"href":"https:\/\/igpp.de\/en\/wp-json\/wp\/v2\/pages\/7444"}],"wp:featuredmedia":[{"embeddable":true,"href":"https:\/\/igpp.de\/en\/wp-json\/wp\/v2\/media\/5742"}],"wp:attachment":[{"href":"https:\/\/igpp.de\/en\/wp-json\/wp\/v2\/media?parent=7503"}],"wp:term":[{"taxonomy":"category","embeddable":true,"href":"https:\/\/igpp.de\/en\/wp-json\/wp\/v2\/categories?post=7503"},{"taxonomy":"post_tag","embeddable":true,"href":"https:\/\/igpp.de\/en\/wp-json\/wp\/v2\/tags?post=7503"}],"curies":[{"name":"wp","href":"https:\/\/api.w.org\/{rel}","templated":true}]}}