{"id":7515,"date":"2024-09-26T15:40:06","date_gmt":"2024-09-26T13:40:06","guid":{"rendered":"https:\/\/igpp.de\/azadeh-mozhdefarahbakhsh\/"},"modified":"2025-07-09T15:07:29","modified_gmt":"2025-07-09T13:07:29","slug":"azadeh-mozhdefarahbakhsh","status":"publish","type":"page","link":"https:\/\/igpp.de\/en\/about-us\/team\/azadeh-mozhdefarahbakhsh\/","title":{"rendered":"Azadeh Mozhdefarahbakhsh"},"content":{"rendered":"[vc_row type=&#8221;full_width_background&#8221; full_screen_row_position=&#8221;middle&#8221; column_margin=&#8221;default&#8221; equal_height=&#8221;yes&#8221; content_placement=&#8221;middle&#8221; column_direction=&#8221;default&#8221; column_direction_tablet=&#8221;default&#8221; column_direction_phone=&#8221;default&#8221; bg_color=&#8221;#d6ecee&#8221; bg_image=&#8221;1034&#8243; bg_position=&#8221;left top&#8221; background_image_loading=&#8221;default&#8221; bg_repeat=&#8221;no-repeat&#8221; scene_position=&#8221;center&#8221; top_padding=&#8221;5%&#8221; top_padding_tablet=&#8221;8%&#8221; top_padding_phone=&#8221;20%&#8221; bottom_margin=&#8221;20&#8243; bottom_margin_tablet=&#8221;13%&#8221; bottom_margin_phone=&#8221;13%&#8221; text_color=&#8221;dark&#8221; text_align=&#8221;left&#8221; row_border_radius=&#8221;none&#8221; row_border_radius_applies=&#8221;bg&#8221; overflow=&#8221;visible&#8221; overlay_strength=&#8221;0.3&#8243; gradient_direction=&#8221;left_to_right&#8221; enable_shape_divider=&#8221;true&#8221; shape_divider_color=&#8221;#ffffff&#8221; shape_divider_position=&#8221;bottom&#8221; shape_divider_height=&#8221;60&#8243; shape_divider_height_tablet=&#8221;300&#8243; bg_image_animation=&#8221;none&#8221; gradient_type=&#8221;default&#8221; shape_type=&#8221;straight_section&#8221;][vc_column bottom_padding_desktop=&#8221;15%&#8221; bottom_padding_tablet=&#8221;5%&#8221; column_element_direction_desktop=&#8221;default&#8221; column_element_spacing=&#8221;10px&#8221; desktop_text_alignment=&#8221;default&#8221; tablet_text_alignment=&#8221;default&#8221; phone_text_alignment=&#8221;default&#8221; background_color_opacity=&#8221;1&#8243; background_hover_color_opacity=&#8221;1&#8243; column_backdrop_filter=&#8221;none&#8221; column_shadow=&#8221;none&#8221; column_border_radius=&#8221;none&#8221; column_link_target=&#8221;_self&#8221; column_position=&#8221;default&#8221; gradient_direction=&#8221;left_to_right&#8221; overlay_strength=&#8221;0.3&#8243; width=&#8221;2\/3&#8243; tablet_width_inherit=&#8221;default&#8221; animation_type=&#8221;default&#8221; bg_image_animation=&#8221;none&#8221; border_type=&#8221;simple&#8221; column_border_width=&#8221;none&#8221; column_border_style=&#8221;solid&#8221; column_padding_type=&#8221;advanced&#8221; gradient_type=&#8221;default&#8221;][nectar_responsive_text text_color=&#8221;#0056a4&#8243; font_size_desktop=&#8221;52&#8243; font_line_height=&#8221;1&#8243;]\n<h1>Azadeh Mozhdefarahbakhsh M.Sc.<\/h1>\n[\/nectar_responsive_text][nectar_responsive_text text_color=&#8221;#203869&#8243;]\n<h3>PhD Student<\/h3>\n[\/nectar_responsive_text][nectar_responsive_text text_color=&#8221;#203869&#8243; max_width=&#8221;300&#8243;]+49 (0)761 20721-76<br \/>\n<a href=\"mailto:farahbakhsh@igpp.de\">farahbakhsh@igpp.de<\/a>[\/nectar_responsive_text][\/vc_column][vc_column left_padding_desktop=&#8221;25%&#8221; left_padding_tablet=&#8221;25%&#8221; right_padding_tablet=&#8221;25%&#8221; left_padding_phone=&#8221;20%&#8221; right_padding_phone=&#8221;20%&#8221; column_element_direction_desktop=&#8221;default&#8221; column_element_spacing=&#8221;default&#8221; desktop_text_alignment=&#8221;default&#8221; tablet_text_alignment=&#8221;default&#8221; phone_text_alignment=&#8221;default&#8221; background_color_opacity=&#8221;1&#8243; background_hover_color_opacity=&#8221;1&#8243; column_backdrop_filter=&#8221;none&#8221; column_shadow=&#8221;none&#8221; column_border_radius=&#8221;none&#8221; column_link_target=&#8221;_self&#8221; column_position=&#8221;default&#8221; gradient_direction=&#8221;left_to_right&#8221; overlay_strength=&#8221;0.3&#8243; width=&#8221;1\/3&#8243; tablet_width_inherit=&#8221;default&#8221; animation_type=&#8221;default&#8221; bg_image_animation=&#8221;none&#8221; border_type=&#8221;simple&#8221; column_border_width=&#8221;none&#8221; column_border_style=&#8221;solid&#8221; column_padding_type=&#8221;advanced&#8221; gradient_type=&#8221;default&#8221;][image_with_animation image_url=&#8221;524&#8243; image_size=&#8221;full&#8221; animation_type=&#8221;entrance&#8221; animation=&#8221;None&#8221; animation_movement_type=&#8221;transform_y&#8221; hover_animation=&#8221;none&#8221; alignment=&#8221;&#8221; border_radius=&#8221;15px&#8221; box_shadow=&#8221;none&#8221; image_loading=&#8221;default&#8221; max_width=&#8221;100%&#8221; max_width_mobile=&#8221;default&#8221;][\/vc_column][\/vc_row][vc_row type=&#8221;in_container&#8221; full_screen_row_position=&#8221;middle&#8221; column_margin=&#8221;default&#8221; column_direction=&#8221;default&#8221; column_direction_tablet=&#8221;default&#8221; column_direction_phone=&#8221;default&#8221; scene_position=&#8221;center&#8221; top_padding=&#8221;50&#8243; text_color=&#8221;dark&#8221; text_align=&#8221;left&#8221; row_border_radius=&#8221;none&#8221; row_border_radius_applies=&#8221;bg&#8221; overflow=&#8221;visible&#8221; overlay_strength=&#8221;0.3&#8243; gradient_direction=&#8221;left_to_right&#8221; shape_divider_position=&#8221;bottom&#8221; bg_image_animation=&#8221;none&#8221; gradient_type=&#8221;default&#8221; shape_type=&#8221;&#8221;][vc_column column_padding=&#8221;no-extra-padding&#8221; column_padding_tablet=&#8221;inherit&#8221; column_padding_phone=&#8221;inherit&#8221; column_padding_position=&#8221;all&#8221; column_element_direction_desktop=&#8221;default&#8221; column_element_spacing=&#8221;default&#8221; desktop_text_alignment=&#8221;default&#8221; tablet_text_alignment=&#8221;default&#8221; phone_text_alignment=&#8221;default&#8221; background_color_opacity=&#8221;1&#8243; background_hover_color_opacity=&#8221;1&#8243; column_backdrop_filter=&#8221;none&#8221; column_shadow=&#8221;none&#8221; column_border_radius=&#8221;none&#8221; column_link_target=&#8221;_self&#8221; column_position=&#8221;default&#8221; gradient_direction=&#8221;left_to_right&#8221; overlay_strength=&#8221;0.3&#8243; width=&#8221;1\/1&#8243; tablet_width_inherit=&#8221;default&#8221; animation_type=&#8221;default&#8221; bg_image_animation=&#8221;none&#8221; border_type=&#8221;simple&#8221; column_border_width=&#8221;none&#8221; column_border_style=&#8221;solid&#8221;][tabbed_section style=&#8221;vertical_scrolling&#8221; tab_color=&#8221;Extra-Color-1&#8243; vs_navigation_func=&#8221;default&#8221; vs_navigation_width=&#8221;narrow&#8221; vs_navigation_spacing=&#8221;25px&#8221; vs_navigation_mobile_display=&#8221;hidden&#8221; vs_tab_spacing=&#8221;0%&#8221; vs_tab_tag=&#8221;h6&#8243; vs_cta_style=&#8221;see-through&#8221; vs_cta_bg_color=&#8221;default&#8221; vs_cta_heading_tag=&#8221;h6&#8243; vs_sticky_aspect=&#8221;default&#8221; vs_font_size=&#8221;15&#8243; el_class=&#8221;textfarbe&#8221;][tab icon_family=&#8221;none&#8221; title=&#8221;Professional Career&#8221; id=&#8221;1752066383880-2&#8243; tab_id=&#8221;1752066383881-9&#8243;][vc_custom_heading text=&#8221;Professional Career&#8221; use_theme_fonts=&#8221;yes&#8221;][vc_column_text css=&#8221;.vc_custom_1751900029948{margin-bottom: -20px !important;}&#8221;]Azadeh Mozhdehfarahbakhsh, studied Physiology at Shiraz University (Master) and Animal Science at Shiraz University (Bachelor). Since 2022 PhD Student in Neuroscience at the University of Freiburg as part of the Bial project &#8220;EEG and behavioral correlates of forward and backward priming&#8221;.[\/vc_column_text][\/tab][tab icon_family=&#8221;none&#8221; title=&#8221;Fields of Work\/ Research Interests&#8221; id=&#8221;1752066383910-5&#8243; tab_id=&#8221;1752066383910-10&#8243;][vc_custom_heading text=&#8221;Fields of work \/ research interests&#8221; use_theme_fonts=&#8221;yes&#8221;][vc_column_text]Fields of work:<\/p>\n<ul>\n<li>Visual cognition and cognitive modeling<\/li>\n<li>Analysis of neuronal signals (EEG)<\/li>\n<\/ul>\n<p>Current research interests:<\/p>\n<ul>\n<li>Early detection and treatment planning of neurological diseases.<\/li>\n<li>Personalized brain health interventions.<\/li>\n<\/ul>\n[\/vc_column_text][\/tab][tab icon_family=&#8221;none&#8221; title=&#8221;Publications&#8221; id=&#8221;1752066383928-4&#8243; tab_id=&#8221;1752066383928-0&#8243;][vc_custom_heading text=&#8221;Publications&#8221; use_theme_fonts=&#8221;yes&#8221;][nectar_global_section id=&#8221;6704&#8243;][\/tab][\/tabbed_section][\/vc_column][\/vc_row]\n","protected":false},"excerpt":{"rendered":"<p>[vc_row type=&#8221;full_width_background&#8221; full_screen_row_position=&#8221;middle&#8221; column_margin=&#8221;default&#8221; equal_height=&#8221;yes&#8221; content_placement=&#8221;middle&#8221; column_direction=&#8221;default&#8221; column_direction_tablet=&#8221;default&#8221; column_direction_phone=&#8221;default&#8221; bg_color=&#8221;#d6ecee&#8221;&#8230;<\/p>\n","protected":false},"author":7,"featured_media":0,"parent":7536,"menu_order":0,"comment_status":"closed","ping_status":"closed","template":"","meta":{"inline_featured_image":false,"footnotes":""},"categories":[],"tags":[],"class_list":["post-7515","page","type-page","status-publish"],"yoast_head":"<!-- This site is optimized with the Yoast SEO plugin v25.3.1 - https:\/\/yoast.com\/wordpress\/plugins\/seo\/ -->\n<title>Azadeh Mozhdefarahbakhsh - IGPP Institut f\u00fcr Grenzgebiete der Psychologie und Psychohygiene<\/title>\n<meta name=\"robots\" content=\"index, follow, max-snippet:-1, max-image-preview:large, max-video-preview:-1\" \/>\n<link rel=\"canonical\" href=\"https:\/\/igpp.de\/en\/about-us\/team\/azadeh-mozhdefarahbakhsh\/\" \/>\n<meta property=\"og:locale\" content=\"en_US\" \/>\n<meta property=\"og:type\" content=\"article\" \/>\n<meta property=\"og:title\" content=\"Azadeh Mozhdefarahbakhsh - IGPP Institut f\u00fcr Grenzgebiete der Psychologie und Psychohygiene\" \/>\n<meta property=\"og:description\" content=\"[vc_row type=&#8221;full_width_background&#8221; full_screen_row_position=&#8221;middle&#8221; column_margin=&#8221;default&#8221; equal_height=&#8221;yes&#8221; content_placement=&#8221;middle&#8221; column_direction=&#8221;default&#8221; column_direction_tablet=&#8221;default&#8221; column_direction_phone=&#8221;default&#8221; bg_color=&#8221;#d6ecee&#8221;...\" \/>\n<meta property=\"og:url\" content=\"https:\/\/igpp.de\/en\/about-us\/team\/azadeh-mozhdefarahbakhsh\/\" \/>\n<meta property=\"og:site_name\" content=\"IGPP Institut f\u00fcr Grenzgebiete der Psychologie und Psychohygiene\" \/>\n<meta property=\"article:modified_time\" content=\"2025-07-09T13:07:29+00:00\" \/>\n<meta name=\"twitter:card\" content=\"summary_large_image\" \/>\n<meta name=\"twitter:site\" content=\"@IGPP_Freiburg\" \/>\n<meta name=\"twitter:label1\" content=\"Est. reading time\" \/>\n\t<meta name=\"twitter:data1\" content=\"2 minutes\" \/>\n<script type=\"application\/ld+json\" class=\"yoast-schema-graph\">{\"@context\":\"https:\/\/schema.org\",\"@graph\":[{\"@type\":\"WebPage\",\"@id\":\"https:\/\/igpp.de\/en\/about-us\/team\/azadeh-mozhdefarahbakhsh\/\",\"url\":\"https:\/\/igpp.de\/en\/about-us\/team\/azadeh-mozhdefarahbakhsh\/\",\"name\":\"Azadeh Mozhdefarahbakhsh - IGPP Institut f\u00fcr Grenzgebiete der Psychologie und Psychohygiene\",\"isPartOf\":{\"@id\":\"https:\/\/igpp.de\/en\/#website\"},\"datePublished\":\"2024-09-26T13:40:06+00:00\",\"dateModified\":\"2025-07-09T13:07:29+00:00\",\"breadcrumb\":{\"@id\":\"https:\/\/igpp.de\/en\/about-us\/team\/azadeh-mozhdefarahbakhsh\/#breadcrumb\"},\"inLanguage\":\"en-US\",\"potentialAction\":[{\"@type\":\"ReadAction\",\"target\":[\"https:\/\/igpp.de\/en\/about-us\/team\/azadeh-mozhdefarahbakhsh\/\"]}]},{\"@type\":\"BreadcrumbList\",\"@id\":\"https:\/\/igpp.de\/en\/about-us\/team\/azadeh-mozhdefarahbakhsh\/#breadcrumb\",\"itemListElement\":[{\"@type\":\"ListItem\",\"position\":1,\"name\":\"Startseite\",\"item\":\"https:\/\/igpp.de\/en\/\"},{\"@type\":\"ListItem\",\"position\":2,\"name\":\"About Us\",\"item\":\"https:\/\/igpp.de\/en\/about-us\/\"},{\"@type\":\"ListItem\",\"position\":3,\"name\":\"Team\",\"item\":\"https:\/\/igpp.de\/en\/about-us\/team\/\"},{\"@type\":\"ListItem\",\"position\":4,\"name\":\"Azadeh Mozhdefarahbakhsh\"}]},{\"@type\":\"WebSite\",\"@id\":\"https:\/\/igpp.de\/en\/#website\",\"url\":\"https:\/\/igpp.de\/en\/\",\"name\":\"IGPP Institut f\u00fcr Grenzgebiete der Psychologie und Psychohygiene\",\"description\":\"Systematischen und interdisziplin\u00e4ren Erforschung von bisher unzureichend verstandenen Ph\u00e4nomenen und Anomalien an den Grenzen unseres Wissens.\",\"publisher\":{\"@id\":\"https:\/\/igpp.de\/en\/#organization\"},\"potentialAction\":[{\"@type\":\"SearchAction\",\"target\":{\"@type\":\"EntryPoint\",\"urlTemplate\":\"https:\/\/igpp.de\/en\/?s={search_term_string}\"},\"query-input\":{\"@type\":\"PropertyValueSpecification\",\"valueRequired\":true,\"valueName\":\"search_term_string\"}}],\"inLanguage\":\"en-US\"},{\"@type\":\"Organization\",\"@id\":\"https:\/\/igpp.de\/en\/#organization\",\"name\":\"IGPP Institut f\u00fcr Grenzgebiete der Psychologie und Psychohygiene\",\"url\":\"https:\/\/igpp.de\/en\/\",\"logo\":{\"@type\":\"ImageObject\",\"inLanguage\":\"en-US\",\"@id\":\"https:\/\/igpp.de\/en\/#\/schema\/logo\/image\/\",\"url\":\"https:\/\/igpp.de\/wp-content\/uploads\/2023\/12\/IGPP-Logo-Bild-Wordmarke.svg\",\"contentUrl\":\"https:\/\/igpp.de\/wp-content\/uploads\/2023\/12\/IGPP-Logo-Bild-Wordmarke.svg\",\"width\":132,\"height\":28,\"caption\":\"IGPP Institut f\u00fcr Grenzgebiete der Psychologie und Psychohygiene\"},\"image\":{\"@id\":\"https:\/\/igpp.de\/en\/#\/schema\/logo\/image\/\"},\"sameAs\":[\"https:\/\/x.com\/IGPP_Freiburg\",\"https:\/\/www.youtube.com\/@igppfreiburg2985\",\"https:\/\/bsky.app\/profile\/igpp.bsky.social\"]}]}<\/script>\n<!-- \/ Yoast SEO plugin. -->","yoast_head_json":{"title":"Azadeh Mozhdefarahbakhsh - IGPP Institut f\u00fcr Grenzgebiete der Psychologie und Psychohygiene","robots":{"index":"index","follow":"follow","max-snippet":"max-snippet:-1","max-image-preview":"max-image-preview:large","max-video-preview":"max-video-preview:-1"},"canonical":"https:\/\/igpp.de\/en\/about-us\/team\/azadeh-mozhdefarahbakhsh\/","og_locale":"en_US","og_type":"article","og_title":"Azadeh Mozhdefarahbakhsh - IGPP Institut f\u00fcr Grenzgebiete der Psychologie und Psychohygiene","og_description":"[vc_row type=&#8221;full_width_background&#8221; full_screen_row_position=&#8221;middle&#8221; column_margin=&#8221;default&#8221; equal_height=&#8221;yes&#8221; content_placement=&#8221;middle&#8221; column_direction=&#8221;default&#8221; column_direction_tablet=&#8221;default&#8221; column_direction_phone=&#8221;default&#8221; bg_color=&#8221;#d6ecee&#8221;...","og_url":"https:\/\/igpp.de\/en\/about-us\/team\/azadeh-mozhdefarahbakhsh\/","og_site_name":"IGPP Institut f\u00fcr Grenzgebiete der Psychologie und Psychohygiene","article_modified_time":"2025-07-09T13:07:29+00:00","twitter_card":"summary_large_image","twitter_site":"@IGPP_Freiburg","twitter_misc":{"Est. reading time":"2 minutes"},"schema":{"@context":"https:\/\/schema.org","@graph":[{"@type":"WebPage","@id":"https:\/\/igpp.de\/en\/about-us\/team\/azadeh-mozhdefarahbakhsh\/","url":"https:\/\/igpp.de\/en\/about-us\/team\/azadeh-mozhdefarahbakhsh\/","name":"Azadeh Mozhdefarahbakhsh - IGPP Institut f\u00fcr Grenzgebiete der Psychologie und Psychohygiene","isPartOf":{"@id":"https:\/\/igpp.de\/en\/#website"},"datePublished":"2024-09-26T13:40:06+00:00","dateModified":"2025-07-09T13:07:29+00:00","breadcrumb":{"@id":"https:\/\/igpp.de\/en\/about-us\/team\/azadeh-mozhdefarahbakhsh\/#breadcrumb"},"inLanguage":"en-US","potentialAction":[{"@type":"ReadAction","target":["https:\/\/igpp.de\/en\/about-us\/team\/azadeh-mozhdefarahbakhsh\/"]}]},{"@type":"BreadcrumbList","@id":"https:\/\/igpp.de\/en\/about-us\/team\/azadeh-mozhdefarahbakhsh\/#breadcrumb","itemListElement":[{"@type":"ListItem","position":1,"name":"Startseite","item":"https:\/\/igpp.de\/en\/"},{"@type":"ListItem","position":2,"name":"About Us","item":"https:\/\/igpp.de\/en\/about-us\/"},{"@type":"ListItem","position":3,"name":"Team","item":"https:\/\/igpp.de\/en\/about-us\/team\/"},{"@type":"ListItem","position":4,"name":"Azadeh Mozhdefarahbakhsh"}]},{"@type":"WebSite","@id":"https:\/\/igpp.de\/en\/#website","url":"https:\/\/igpp.de\/en\/","name":"IGPP Institut f\u00fcr Grenzgebiete der Psychologie und Psychohygiene","description":"Systematischen und interdisziplin\u00e4ren Erforschung von bisher unzureichend verstandenen Ph\u00e4nomenen und Anomalien an den Grenzen unseres Wissens.","publisher":{"@id":"https:\/\/igpp.de\/en\/#organization"},"potentialAction":[{"@type":"SearchAction","target":{"@type":"EntryPoint","urlTemplate":"https:\/\/igpp.de\/en\/?s={search_term_string}"},"query-input":{"@type":"PropertyValueSpecification","valueRequired":true,"valueName":"search_term_string"}}],"inLanguage":"en-US"},{"@type":"Organization","@id":"https:\/\/igpp.de\/en\/#organization","name":"IGPP Institut f\u00fcr Grenzgebiete der Psychologie und Psychohygiene","url":"https:\/\/igpp.de\/en\/","logo":{"@type":"ImageObject","inLanguage":"en-US","@id":"https:\/\/igpp.de\/en\/#\/schema\/logo\/image\/","url":"https:\/\/igpp.de\/wp-content\/uploads\/2023\/12\/IGPP-Logo-Bild-Wordmarke.svg","contentUrl":"https:\/\/igpp.de\/wp-content\/uploads\/2023\/12\/IGPP-Logo-Bild-Wordmarke.svg","width":132,"height":28,"caption":"IGPP Institut f\u00fcr Grenzgebiete der Psychologie und Psychohygiene"},"image":{"@id":"https:\/\/igpp.de\/en\/#\/schema\/logo\/image\/"},"sameAs":["https:\/\/x.com\/IGPP_Freiburg","https:\/\/www.youtube.com\/@igppfreiburg2985","https:\/\/bsky.app\/profile\/igpp.bsky.social"]}]}},"_links":{"self":[{"href":"https:\/\/igpp.de\/en\/wp-json\/wp\/v2\/pages\/7515","targetHints":{"allow":["GET"]}}],"collection":[{"href":"https:\/\/igpp.de\/en\/wp-json\/wp\/v2\/pages"}],"about":[{"href":"https:\/\/igpp.de\/en\/wp-json\/wp\/v2\/types\/page"}],"author":[{"embeddable":true,"href":"https:\/\/igpp.de\/en\/wp-json\/wp\/v2\/users\/7"}],"replies":[{"embeddable":true,"href":"https:\/\/igpp.de\/en\/wp-json\/wp\/v2\/comments?post=7515"}],"version-history":[{"count":3,"href":"https:\/\/igpp.de\/en\/wp-json\/wp\/v2\/pages\/7515\/revisions"}],"predecessor-version":[{"id":8331,"href":"https:\/\/igpp.de\/en\/wp-json\/wp\/v2\/pages\/7515\/revisions\/8331"}],"up":[{"embeddable":true,"href":"https:\/\/igpp.de\/en\/wp-json\/wp\/v2\/pages\/7536"}],"wp:attachment":[{"href":"https:\/\/igpp.de\/en\/wp-json\/wp\/v2\/media?parent=7515"}],"wp:term":[{"taxonomy":"category","embeddable":true,"href":"https:\/\/igpp.de\/en\/wp-json\/wp\/v2\/categories?post=7515"},{"taxonomy":"post_tag","embeddable":true,"href":"https:\/\/igpp.de\/en\/wp-json\/wp\/v2\/tags?post=7515"}],"curies":[{"name":"wp","href":"https:\/\/api.w.org\/{rel}","templated":true}]}}