{"id":7527,"date":"2023-05-05T11:19:34","date_gmt":"2023-05-05T09:19:34","guid":{"rendered":"https:\/\/igpp.de\/shop-window\/"},"modified":"2025-07-10T15:42:12","modified_gmt":"2025-07-10T13:42:12","slug":"window-into-the-archive","status":"publish","type":"page","link":"https:\/\/igpp.de\/en\/archive\/window-into-the-archive\/","title":{"rendered":"Window into the Archive"},"content":{"rendered":"[vc_row type=&#8221;full_width_background&#8221; full_screen_row_position=&#8221;middle&#8221; column_margin=&#8221;40px&#8221; column_direction=&#8221;default&#8221; column_direction_tablet=&#8221;default&#8221; column_direction_phone=&#8221;default&#8221; bg_color=&#8221;#d6ecee&#8221; bg_image=&#8221;1034&#8243; bg_position=&#8221;left top&#8221; background_image_loading=&#8221;default&#8221; bg_repeat=&#8221;no-repeat&#8221; scene_position=&#8221;center&#8221; top_padding=&#8221;8%&#8221; bottom_padding=&#8221;120&#8243; bottom_margin=&#8221;100&#8243; text_color=&#8221;dark&#8221; text_align=&#8221;left&#8221; row_border_radius=&#8221;none&#8221; row_border_radius_applies=&#8221;bg&#8221; overflow=&#8221;visible&#8221; overlay_strength=&#8221;0.3&#8243; gradient_direction=&#8221;left_to_right&#8221; shape_divider_position=&#8221;bottom&#8221; bg_image_animation=&#8221;none&#8221; gradient_type=&#8221;default&#8221; shape_type=&#8221;&#8221;][vc_column column_padding=&#8221;no-extra-padding&#8221; column_padding_tablet=&#8221;inherit&#8221; column_padding_phone=&#8221;inherit&#8221; column_padding_position=&#8221;all&#8221; column_element_direction_desktop=&#8221;default&#8221; column_element_spacing=&#8221;default&#8221; desktop_text_alignment=&#8221;default&#8221; tablet_text_alignment=&#8221;default&#8221; phone_text_alignment=&#8221;default&#8221; background_color_opacity=&#8221;1&#8243; background_hover_color_opacity=&#8221;1&#8243; column_backdrop_filter=&#8221;none&#8221; column_shadow=&#8221;none&#8221; column_border_radius=&#8221;none&#8221; column_link_target=&#8221;_self&#8221; column_position=&#8221;default&#8221; gradient_direction=&#8221;left_to_right&#8221; overlay_strength=&#8221;0.3&#8243; width=&#8221;1\/6&#8243; tablet_width_inherit=&#8221;default&#8221; animation_type=&#8221;default&#8221; bg_image_animation=&#8221;none&#8221; border_type=&#8221;simple&#8221; column_border_width=&#8221;none&#8221; column_border_style=&#8221;solid&#8221;][image_with_animation image_url=&#8221;5486&#8243; image_size=&#8221;full&#8221; animation_type=&#8221;entrance&#8221; animation=&#8221;None&#8221; animation_movement_type=&#8221;transform_y&#8221; hover_animation=&#8221;none&#8221; alignment=&#8221;&#8221; border_radius=&#8221;none&#8221; box_shadow=&#8221;none&#8221; image_loading=&#8221;default&#8221; max_width=&#8221;100%&#8221; max_width_mobile=&#8221;default&#8221;][\/vc_column][vc_column right_padding_desktop=&#8221;23%&#8221; right_padding_tablet=&#8221;0&#8243; column_element_direction_desktop=&#8221;default&#8221; column_element_spacing=&#8221;default&#8221; desktop_text_alignment=&#8221;default&#8221; tablet_text_alignment=&#8221;default&#8221; phone_text_alignment=&#8221;default&#8221; background_color_opacity=&#8221;1&#8243; background_hover_color_opacity=&#8221;1&#8243; column_backdrop_filter=&#8221;none&#8221; column_shadow=&#8221;none&#8221; column_border_radius=&#8221;none&#8221; column_link_target=&#8221;_self&#8221; column_position=&#8221;default&#8221; gradient_direction=&#8221;left_to_right&#8221; overlay_strength=&#8221;0.3&#8243; width=&#8221;5\/6&#8243; tablet_width_inherit=&#8221;default&#8221; animation_type=&#8221;default&#8221; bg_image_animation=&#8221;none&#8221; border_type=&#8221;simple&#8221; column_border_width=&#8221;none&#8221; column_border_style=&#8221;solid&#8221; column_padding_type=&#8221;advanced&#8221; gradient_type=&#8221;default&#8221;][vc_custom_heading text=&#8221;Window into the IGPP Archive&#8221; font_container=&#8221;tag:h1|text_align:left|color:%23203869&#8243; use_theme_fonts=&#8221;yes&#8221; css=&#8221;.vc_custom_1752151311383{margin-bottom: 50px !important;}&#8221;][nectar_responsive_text font_size_desktop=&#8221;20&#8243;]<strong>The archive is available to researchers and the interested public.<\/strong>[\/nectar_responsive_text][\/vc_column][\/vc_row][vc_row type=&#8221;in_container&#8221; full_screen_row_position=&#8221;middle&#8221; column_margin=&#8221;default&#8221; column_direction=&#8221;default&#8221; column_direction_tablet=&#8221;default&#8221; column_direction_phone=&#8221;default&#8221; scene_position=&#8221;center&#8221; text_color=&#8221;dark&#8221; text_align=&#8221;left&#8221; row_border_radius=&#8221;none&#8221; row_border_radius_applies=&#8221;bg&#8221; overflow=&#8221;visible&#8221; overlay_strength=&#8221;0.3&#8243; gradient_direction=&#8221;left_to_right&#8221; shape_divider_position=&#8221;bottom&#8221; bg_image_animation=&#8221;none&#8221;][vc_column column_padding=&#8221;no-extra-padding&#8221; column_padding_tablet=&#8221;inherit&#8221; column_padding_phone=&#8221;inherit&#8221; column_padding_position=&#8221;all&#8221; column_element_direction_desktop=&#8221;default&#8221; column_element_spacing=&#8221;default&#8221; desktop_text_alignment=&#8221;default&#8221; tablet_text_alignment=&#8221;default&#8221; phone_text_alignment=&#8221;default&#8221; background_color_opacity=&#8221;1&#8243; background_hover_color_opacity=&#8221;1&#8243; column_backdrop_filter=&#8221;none&#8221; column_shadow=&#8221;none&#8221; column_border_radius=&#8221;none&#8221; column_link_target=&#8221;_self&#8221; column_position=&#8221;default&#8221; gradient_direction=&#8221;left_to_right&#8221; overlay_strength=&#8221;0.3&#8243; width=&#8221;1\/1&#8243; tablet_width_inherit=&#8221;default&#8221; animation_type=&#8221;default&#8221; bg_image_animation=&#8221;none&#8221; border_type=&#8221;simple&#8221; column_border_width=&#8221;none&#8221; column_border_style=&#8221;solid&#8221;][nectar_global_section id=&#8221;2117&#8243;][\/vc_column][\/vc_row]\n","protected":false},"excerpt":{"rendered":"<p>News and special features from the archive<\/p>\n","protected":false},"author":7,"featured_media":6633,"parent":7596,"menu_order":0,"comment_status":"closed","ping_status":"closed","template":"","meta":{"inline_featured_image":false,"footnotes":""},"categories":[54,75],"tags":[],"class_list":{"0":"post-7527","1":"page","2":"type-page","3":"status-publish","4":"has-post-thumbnail","6":"category-archive_subpage","7":"category-highlights-en"},"yoast_head":"<!-- This site is optimized with the Yoast SEO plugin v25.3.1 - https:\/\/yoast.com\/wordpress\/plugins\/seo\/ -->\n<title>Window into the Archive - IGPP Institut f\u00fcr Grenzgebiete der Psychologie und Psychohygiene<\/title>\n<meta name=\"robots\" content=\"index, follow, max-snippet:-1, max-image-preview:large, max-video-preview:-1\" \/>\n<link rel=\"canonical\" href=\"https:\/\/igpp.de\/en\/archive\/window-into-the-archive\/\" \/>\n<meta property=\"og:locale\" content=\"en_US\" \/>\n<meta property=\"og:type\" content=\"article\" \/>\n<meta property=\"og:title\" content=\"Window into the Archive - IGPP Institut f\u00fcr Grenzgebiete der Psychologie und Psychohygiene\" \/>\n<meta property=\"og:description\" content=\"News and special features from the archive\" \/>\n<meta property=\"og:url\" content=\"https:\/\/igpp.de\/en\/archive\/window-into-the-archive\/\" \/>\n<meta property=\"og:site_name\" content=\"IGPP Institut f\u00fcr Grenzgebiete der Psychologie und Psychohygiene\" \/>\n<meta property=\"article:modified_time\" content=\"2025-07-10T13:42:12+00:00\" \/>\n<meta property=\"og:image\" content=\"https:\/\/igpp.de\/wp-content\/uploads\/2025\/05\/archiv_schaufenster.jpg\" \/>\n\t<meta property=\"og:image:width\" content=\"1417\" \/>\n\t<meta property=\"og:image:height\" content=\"1063\" \/>\n\t<meta property=\"og:image:type\" content=\"image\/jpeg\" \/>\n<meta name=\"twitter:card\" content=\"summary_large_image\" \/>\n<meta name=\"twitter:site\" content=\"@IGPP_Freiburg\" \/>\n<meta name=\"twitter:label1\" content=\"Est. reading time\" \/>\n\t<meta name=\"twitter:data1\" content=\"2 minutes\" \/>\n<script type=\"application\/ld+json\" class=\"yoast-schema-graph\">{\"@context\":\"https:\/\/schema.org\",\"@graph\":[{\"@type\":\"WebPage\",\"@id\":\"https:\/\/igpp.de\/en\/archive\/window-into-the-archive\/\",\"url\":\"https:\/\/igpp.de\/en\/archive\/window-into-the-archive\/\",\"name\":\"Window into the Archive - IGPP Institut f\u00fcr Grenzgebiete der Psychologie und Psychohygiene\",\"isPartOf\":{\"@id\":\"https:\/\/igpp.de\/en\/#website\"},\"primaryImageOfPage\":{\"@id\":\"https:\/\/igpp.de\/en\/archive\/window-into-the-archive\/#primaryimage\"},\"image\":{\"@id\":\"https:\/\/igpp.de\/en\/archive\/window-into-the-archive\/#primaryimage\"},\"thumbnailUrl\":\"https:\/\/igpp.de\/wp-content\/uploads\/2025\/05\/archiv_schaufenster.jpg\",\"datePublished\":\"2023-05-05T09:19:34+00:00\",\"dateModified\":\"2025-07-10T13:42:12+00:00\",\"breadcrumb\":{\"@id\":\"https:\/\/igpp.de\/en\/archive\/window-into-the-archive\/#breadcrumb\"},\"inLanguage\":\"en-US\",\"potentialAction\":[{\"@type\":\"ReadAction\",\"target\":[\"https:\/\/igpp.de\/en\/archive\/window-into-the-archive\/\"]}]},{\"@type\":\"ImageObject\",\"inLanguage\":\"en-US\",\"@id\":\"https:\/\/igpp.de\/en\/archive\/window-into-the-archive\/#primaryimage\",\"url\":\"https:\/\/igpp.de\/wp-content\/uploads\/2025\/05\/archiv_schaufenster.jpg\",\"contentUrl\":\"https:\/\/igpp.de\/wp-content\/uploads\/2025\/05\/archiv_schaufenster.jpg\",\"width\":1417,\"height\":1063},{\"@type\":\"BreadcrumbList\",\"@id\":\"https:\/\/igpp.de\/en\/archive\/window-into-the-archive\/#breadcrumb\",\"itemListElement\":[{\"@type\":\"ListItem\",\"position\":1,\"name\":\"Startseite\",\"item\":\"https:\/\/igpp.de\/en\/\"},{\"@type\":\"ListItem\",\"position\":2,\"name\":\"Archive\",\"item\":\"https:\/\/igpp.de\/en\/archive\/\"},{\"@type\":\"ListItem\",\"position\":3,\"name\":\"Window into the Archive\"}]},{\"@type\":\"WebSite\",\"@id\":\"https:\/\/igpp.de\/en\/#website\",\"url\":\"https:\/\/igpp.de\/en\/\",\"name\":\"IGPP Institut f\u00fcr Grenzgebiete der Psychologie und Psychohygiene\",\"description\":\"Systematischen und interdisziplin\u00e4ren Erforschung von bisher unzureichend verstandenen Ph\u00e4nomenen und Anomalien an den Grenzen unseres Wissens.\",\"publisher\":{\"@id\":\"https:\/\/igpp.de\/en\/#organization\"},\"potentialAction\":[{\"@type\":\"SearchAction\",\"target\":{\"@type\":\"EntryPoint\",\"urlTemplate\":\"https:\/\/igpp.de\/en\/?s={search_term_string}\"},\"query-input\":{\"@type\":\"PropertyValueSpecification\",\"valueRequired\":true,\"valueName\":\"search_term_string\"}}],\"inLanguage\":\"en-US\"},{\"@type\":\"Organization\",\"@id\":\"https:\/\/igpp.de\/en\/#organization\",\"name\":\"IGPP Institut f\u00fcr Grenzgebiete der Psychologie und Psychohygiene\",\"url\":\"https:\/\/igpp.de\/en\/\",\"logo\":{\"@type\":\"ImageObject\",\"inLanguage\":\"en-US\",\"@id\":\"https:\/\/igpp.de\/en\/#\/schema\/logo\/image\/\",\"url\":\"https:\/\/igpp.de\/wp-content\/uploads\/2023\/12\/IGPP-Logo-Bild-Wordmarke.svg\",\"contentUrl\":\"https:\/\/igpp.de\/wp-content\/uploads\/2023\/12\/IGPP-Logo-Bild-Wordmarke.svg\",\"width\":132,\"height\":28,\"caption\":\"IGPP Institut f\u00fcr Grenzgebiete der Psychologie und Psychohygiene\"},\"image\":{\"@id\":\"https:\/\/igpp.de\/en\/#\/schema\/logo\/image\/\"},\"sameAs\":[\"https:\/\/x.com\/IGPP_Freiburg\",\"https:\/\/www.youtube.com\/@igppfreiburg2985\",\"https:\/\/bsky.app\/profile\/igpp.bsky.social\"]}]}<\/script>\n<!-- \/ Yoast SEO plugin. -->","yoast_head_json":{"title":"Window into the Archive - IGPP Institut f\u00fcr Grenzgebiete der Psychologie und Psychohygiene","robots":{"index":"index","follow":"follow","max-snippet":"max-snippet:-1","max-image-preview":"max-image-preview:large","max-video-preview":"max-video-preview:-1"},"canonical":"https:\/\/igpp.de\/en\/archive\/window-into-the-archive\/","og_locale":"en_US","og_type":"article","og_title":"Window into the Archive - IGPP Institut f\u00fcr Grenzgebiete der Psychologie und Psychohygiene","og_description":"News and special features from the archive","og_url":"https:\/\/igpp.de\/en\/archive\/window-into-the-archive\/","og_site_name":"IGPP Institut f\u00fcr Grenzgebiete der Psychologie und Psychohygiene","article_modified_time":"2025-07-10T13:42:12+00:00","og_image":[{"width":1417,"height":1063,"url":"https:\/\/igpp.de\/wp-content\/uploads\/2025\/05\/archiv_schaufenster.jpg","type":"image\/jpeg"}],"twitter_card":"summary_large_image","twitter_site":"@IGPP_Freiburg","twitter_misc":{"Est. reading time":"2 minutes"},"schema":{"@context":"https:\/\/schema.org","@graph":[{"@type":"WebPage","@id":"https:\/\/igpp.de\/en\/archive\/window-into-the-archive\/","url":"https:\/\/igpp.de\/en\/archive\/window-into-the-archive\/","name":"Window into the Archive - IGPP Institut f\u00fcr Grenzgebiete der Psychologie und Psychohygiene","isPartOf":{"@id":"https:\/\/igpp.de\/en\/#website"},"primaryImageOfPage":{"@id":"https:\/\/igpp.de\/en\/archive\/window-into-the-archive\/#primaryimage"},"image":{"@id":"https:\/\/igpp.de\/en\/archive\/window-into-the-archive\/#primaryimage"},"thumbnailUrl":"https:\/\/igpp.de\/wp-content\/uploads\/2025\/05\/archiv_schaufenster.jpg","datePublished":"2023-05-05T09:19:34+00:00","dateModified":"2025-07-10T13:42:12+00:00","breadcrumb":{"@id":"https:\/\/igpp.de\/en\/archive\/window-into-the-archive\/#breadcrumb"},"inLanguage":"en-US","potentialAction":[{"@type":"ReadAction","target":["https:\/\/igpp.de\/en\/archive\/window-into-the-archive\/"]}]},{"@type":"ImageObject","inLanguage":"en-US","@id":"https:\/\/igpp.de\/en\/archive\/window-into-the-archive\/#primaryimage","url":"https:\/\/igpp.de\/wp-content\/uploads\/2025\/05\/archiv_schaufenster.jpg","contentUrl":"https:\/\/igpp.de\/wp-content\/uploads\/2025\/05\/archiv_schaufenster.jpg","width":1417,"height":1063},{"@type":"BreadcrumbList","@id":"https:\/\/igpp.de\/en\/archive\/window-into-the-archive\/#breadcrumb","itemListElement":[{"@type":"ListItem","position":1,"name":"Startseite","item":"https:\/\/igpp.de\/en\/"},{"@type":"ListItem","position":2,"name":"Archive","item":"https:\/\/igpp.de\/en\/archive\/"},{"@type":"ListItem","position":3,"name":"Window into the Archive"}]},{"@type":"WebSite","@id":"https:\/\/igpp.de\/en\/#website","url":"https:\/\/igpp.de\/en\/","name":"IGPP Institut f\u00fcr Grenzgebiete der Psychologie und Psychohygiene","description":"Systematischen und interdisziplin\u00e4ren Erforschung von bisher unzureichend verstandenen Ph\u00e4nomenen und Anomalien an den Grenzen unseres Wissens.","publisher":{"@id":"https:\/\/igpp.de\/en\/#organization"},"potentialAction":[{"@type":"SearchAction","target":{"@type":"EntryPoint","urlTemplate":"https:\/\/igpp.de\/en\/?s={search_term_string}"},"query-input":{"@type":"PropertyValueSpecification","valueRequired":true,"valueName":"search_term_string"}}],"inLanguage":"en-US"},{"@type":"Organization","@id":"https:\/\/igpp.de\/en\/#organization","name":"IGPP Institut f\u00fcr Grenzgebiete der Psychologie und Psychohygiene","url":"https:\/\/igpp.de\/en\/","logo":{"@type":"ImageObject","inLanguage":"en-US","@id":"https:\/\/igpp.de\/en\/#\/schema\/logo\/image\/","url":"https:\/\/igpp.de\/wp-content\/uploads\/2023\/12\/IGPP-Logo-Bild-Wordmarke.svg","contentUrl":"https:\/\/igpp.de\/wp-content\/uploads\/2023\/12\/IGPP-Logo-Bild-Wordmarke.svg","width":132,"height":28,"caption":"IGPP Institut f\u00fcr Grenzgebiete der Psychologie und Psychohygiene"},"image":{"@id":"https:\/\/igpp.de\/en\/#\/schema\/logo\/image\/"},"sameAs":["https:\/\/x.com\/IGPP_Freiburg","https:\/\/www.youtube.com\/@igppfreiburg2985","https:\/\/bsky.app\/profile\/igpp.bsky.social"]}]}},"_links":{"self":[{"href":"https:\/\/igpp.de\/en\/wp-json\/wp\/v2\/pages\/7527","targetHints":{"allow":["GET"]}}],"collection":[{"href":"https:\/\/igpp.de\/en\/wp-json\/wp\/v2\/pages"}],"about":[{"href":"https:\/\/igpp.de\/en\/wp-json\/wp\/v2\/types\/page"}],"author":[{"embeddable":true,"href":"https:\/\/igpp.de\/en\/wp-json\/wp\/v2\/users\/7"}],"replies":[{"embeddable":true,"href":"https:\/\/igpp.de\/en\/wp-json\/wp\/v2\/comments?post=7527"}],"version-history":[{"count":4,"href":"https:\/\/igpp.de\/en\/wp-json\/wp\/v2\/pages\/7527\/revisions"}],"predecessor-version":[{"id":8356,"href":"https:\/\/igpp.de\/en\/wp-json\/wp\/v2\/pages\/7527\/revisions\/8356"}],"up":[{"embeddable":true,"href":"https:\/\/igpp.de\/en\/wp-json\/wp\/v2\/pages\/7596"}],"wp:featuredmedia":[{"embeddable":true,"href":"https:\/\/igpp.de\/en\/wp-json\/wp\/v2\/media\/6633"}],"wp:attachment":[{"href":"https:\/\/igpp.de\/en\/wp-json\/wp\/v2\/media?parent=7527"}],"wp:term":[{"taxonomy":"category","embeddable":true,"href":"https:\/\/igpp.de\/en\/wp-json\/wp\/v2\/categories?post=7527"},{"taxonomy":"post_tag","embeddable":true,"href":"https:\/\/igpp.de\/en\/wp-json\/wp\/v2\/tags?post=7527"}],"curies":[{"name":"wp","href":"https:\/\/api.w.org\/{rel}","templated":true}]}}