{"id":7551,"date":"2023-11-24T12:09:47","date_gmt":"2023-11-24T11:09:47","guid":{"rendered":"https:\/\/igpp.de\/imprint\/"},"modified":"2023-11-24T12:09:47","modified_gmt":"2023-11-24T11:09:47","slug":"imprint","status":"publish","type":"page","link":"https:\/\/igpp.de\/en\/imprint\/","title":{"rendered":"Imprint"},"content":{"rendered":"<h1>Imprint<\/h1>\n<p><strong>Institute for Frontier Areas of Psychology and Mental Health e.V.<\/strong><br \/>\nWilhelmstra\u00dfe 3a<br \/>\nD-79098 Freiburg i. Br.<br \/>\nGermany<\/p>\n<table style=\"width: 50%;\">\n<tbody>\n<tr>\n<td width=\"20%\">Phone:<\/td>\n<td width=\"30%\">+49-(0)761-20721-0<\/td>\n<\/tr>\n<tr>\n<td width=\"20%\">Fax:<\/td>\n<td width=\"30%\">+49-(0)761-20721-91<\/td>\n<\/tr>\n<tr>\n<td>E-Mail:<\/td>\n<td><a class=\"email\" href=\"mailto:igpp@igpp.de\">igpp@igpp.de<\/a><\/td>\n<\/tr>\n<tr>\n<td>Internet:<\/td>\n<td><a href=\"https:\/\/www.igpp.de\/\">https:\/\/www.igpp.de<\/a><\/td>\n<\/tr>\n<\/tbody>\n<\/table>\n<h2>Register entry<\/h2>\n<p>Registered in the register of associations<br \/>\nRegister court: Amtsgericht Freiburg i.Br. Register court, 79098 Freiburg<br \/>\nRegister number: VR 362 <\/p>\n<h2>Jointly authorized to represent<\/h2>\n<p>Chairman of the Executive Board: Prof. em. Dr. Dieter Vaitl<br \/>\n<strong>c\/o<\/strong> Wilhelmstra\u00dfe 3a<br \/>\n79098 Freiburg<br \/>\nPhone: +49 (0)-761-20721-13<br \/>\nE-mail: <a href=\"mailto:vaitl@igpp.de\">vaitl@igpp.de<\/a><\/p>\n<p>Deputy Chairman of the Executive Board: Dipl.-Psych. Eberhard Bauer<br \/>\n<strong>c\/o<\/strong> Wilhelmstra\u00dfe 3a<br \/>\n79098 Freiburg<br \/>\nPhone: +49 (0)-761-20721-11<br \/>\nE-mail: <a href=\"mailto:bauer@igpp.de\">bauer@igpp.de<\/a><\/p>\n<p>Executive Board: PD Dr. rer.nat. J\u00fcrgen Kornmeier<br \/>\n<strong>c\/o<\/strong> Wilhelmstra\u00dfe 3a<br \/>\n79098 Freiburg<br \/>\nPhone: +49 (0)-761-20721-21<br \/>\nE-mail: <a href=\"mailto:kornmeier@igpp.de\">kornmeier@igpp.de<\/a><\/p>\n<h2>Responsible for the content (according to \u00a7 55 Abs. 2 RStV)<\/h2>\n<p>PD Dr. rer. nat. J\u00fcrgen Kornmeier<br \/>\n<strong>c\/o<\/strong> Wilhelmstra\u00dfe 3a<br \/>\n79098 Freiburg<\/p>\n<h2><strong>Disclaimer<\/strong><\/h2>\n<ol>\n<li><strong>Content of the online offer<\/strong><br \/>\nThe operator of the website assumes no liability for the topicality, correctness, completeness or quality of the information provided. Liability claims against the operator of the website relating to material or immaterial damage caused by the use or non-use of the information provided or by the use of incorrect or incomplete information are fundamentally excluded, unless there is evidence of wilful intent or gross negligence on the part of the operator of the website. All offers are subject to change and non-binding. The operator of the website expressly reserves the right to change, supplement or delete parts of the pages or the entire offer without prior notice or to cease publication temporarily or permanently.   <\/li>\n<li><strong>References and links<\/strong><br \/>\nIn the case of direct or indirect references to external websites (&#8220;links&#8221;) that lie outside the area of responsibility of the operator of the website, a liability obligation would only come into force if the operator of the website was aware of the content and it would be technically possible and reasonable for him to prevent use in the event of illegal content. The operator of the website hereby expressly declares that no illegal content was recognizable on the linked pages at the time the links were created. The operator of the website has no influence whatsoever on the current and future design, content or authorship of the linked pages. He therefore expressly distances himself from all contents of all linked or referenced pages that were changed after the link was created. This statement applies to all links and references set within the own Internet offer as well as to external entries in guest books, discussion forums and mailing lists set up by the operator of the website. Liability for illegal, incorrect or incomplete content and in particular for damages resulting from the use or non-use of such information lies solely with the provider of the page to which reference is made, and not with the person who merely refers to the respective publication via links.     <\/li>\n<li><strong>Copyright and trademark law<\/strong><br \/>\nThe operator of the website endeavors to observe the copyrights of the graphics, sound documents, video sequences and texts used in all publications, to use graphics, sound documents, video sequences and texts created by himself or to use license-free graphics, sound documents, video sequences and texts. All brands and trademarks mentioned on the website and possibly protected by third parties are subject without restriction to the provisions of the applicable trademark law and the ownership rights of the respective registered owners. The mere mention of a trademark does not imply that it is not protected by third-party rights! The copyright for published objects created by the operator of the website remains solely with the operator of the website. Reproduction or use of such graphics, sound documents, video sequences and texts in other electronic or printed publications is not permitted without the express consent of the website operator.    <\/li>\n<li><strong>Legal validity of this disclaimer<\/strong><br \/>\nThis disclaimer is to be regarded as part of the internet publication which you were referred from. If sections or individual terms of this statement are not legal or correct, the content or validity of the other parts remain uninfluenced by this fact. <\/li>\n<li><strong>Dispute resolution procedure<\/strong><br \/>\nWe are not obliged to participate in a dispute resolution procedure before a consumer arbitration board and are generally not prepared to do so.<\/li>\n<\/ol>\n<p>&nbsp;<\/p>\n","protected":false},"excerpt":{"rendered":"<p>Imprint Institute for Frontier Areas of Psychology and Mental Health&#8230;<\/p>\n","protected":false},"author":3,"featured_media":0,"parent":0,"menu_order":0,"comment_status":"closed","ping_status":"closed","template":"","meta":{"inline_featured_image":false,"footnotes":""},"categories":[],"tags":[],"class_list":["post-7551","page","type-page","status-publish"],"yoast_head":"<!-- This site is optimized with the Yoast SEO plugin v25.3.1 - https:\/\/yoast.com\/wordpress\/plugins\/seo\/ -->\n<title>Imprint - IGPP Institut f\u00fcr Grenzgebiete der Psychologie und Psychohygiene<\/title>\n<meta name=\"robots\" content=\"index, follow, max-snippet:-1, max-image-preview:large, max-video-preview:-1\" \/>\n<link rel=\"canonical\" href=\"https:\/\/igpp.de\/en\/imprint\/\" \/>\n<meta property=\"og:locale\" content=\"en_US\" \/>\n<meta property=\"og:type\" content=\"article\" \/>\n<meta property=\"og:title\" content=\"Imprint - IGPP Institut f\u00fcr Grenzgebiete der Psychologie und Psychohygiene\" \/>\n<meta property=\"og:description\" content=\"Imprint Institute for Frontier Areas of Psychology and Mental Health...\" \/>\n<meta property=\"og:url\" content=\"https:\/\/igpp.de\/en\/imprint\/\" \/>\n<meta property=\"og:site_name\" content=\"IGPP Institut f\u00fcr Grenzgebiete der Psychologie und Psychohygiene\" \/>\n<meta name=\"twitter:card\" content=\"summary_large_image\" \/>\n<meta name=\"twitter:site\" content=\"@IGPP_Freiburg\" \/>\n<meta name=\"twitter:label1\" content=\"Est. reading time\" \/>\n\t<meta name=\"twitter:data1\" content=\"4 minutes\" \/>\n<script type=\"application\/ld+json\" class=\"yoast-schema-graph\">{\"@context\":\"https:\/\/schema.org\",\"@graph\":[{\"@type\":\"WebPage\",\"@id\":\"https:\/\/igpp.de\/en\/imprint\/\",\"url\":\"https:\/\/igpp.de\/en\/imprint\/\",\"name\":\"Imprint - IGPP Institut f\u00fcr Grenzgebiete der Psychologie und Psychohygiene\",\"isPartOf\":{\"@id\":\"https:\/\/igpp.de\/en\/#website\"},\"datePublished\":\"2023-11-24T11:09:47+00:00\",\"breadcrumb\":{\"@id\":\"https:\/\/igpp.de\/en\/imprint\/#breadcrumb\"},\"inLanguage\":\"en-US\",\"potentialAction\":[{\"@type\":\"ReadAction\",\"target\":[\"https:\/\/igpp.de\/en\/imprint\/\"]}]},{\"@type\":\"BreadcrumbList\",\"@id\":\"https:\/\/igpp.de\/en\/imprint\/#breadcrumb\",\"itemListElement\":[{\"@type\":\"ListItem\",\"position\":1,\"name\":\"Startseite\",\"item\":\"https:\/\/igpp.de\/en\/\"},{\"@type\":\"ListItem\",\"position\":2,\"name\":\"Imprint\"}]},{\"@type\":\"WebSite\",\"@id\":\"https:\/\/igpp.de\/en\/#website\",\"url\":\"https:\/\/igpp.de\/en\/\",\"name\":\"IGPP Institut f\u00fcr Grenzgebiete der Psychologie und Psychohygiene\",\"description\":\"Systematischen und interdisziplin\u00e4ren Erforschung von bisher unzureichend verstandenen Ph\u00e4nomenen und Anomalien an den Grenzen unseres Wissens.\",\"publisher\":{\"@id\":\"https:\/\/igpp.de\/en\/#organization\"},\"potentialAction\":[{\"@type\":\"SearchAction\",\"target\":{\"@type\":\"EntryPoint\",\"urlTemplate\":\"https:\/\/igpp.de\/en\/?s={search_term_string}\"},\"query-input\":{\"@type\":\"PropertyValueSpecification\",\"valueRequired\":true,\"valueName\":\"search_term_string\"}}],\"inLanguage\":\"en-US\"},{\"@type\":\"Organization\",\"@id\":\"https:\/\/igpp.de\/en\/#organization\",\"name\":\"IGPP Institut f\u00fcr Grenzgebiete der Psychologie und Psychohygiene\",\"url\":\"https:\/\/igpp.de\/en\/\",\"logo\":{\"@type\":\"ImageObject\",\"inLanguage\":\"en-US\",\"@id\":\"https:\/\/igpp.de\/en\/#\/schema\/logo\/image\/\",\"url\":\"https:\/\/igpp.de\/wp-content\/uploads\/2023\/12\/IGPP-Logo-Bild-Wordmarke.svg\",\"contentUrl\":\"https:\/\/igpp.de\/wp-content\/uploads\/2023\/12\/IGPP-Logo-Bild-Wordmarke.svg\",\"width\":132,\"height\":28,\"caption\":\"IGPP Institut f\u00fcr Grenzgebiete der Psychologie und Psychohygiene\"},\"image\":{\"@id\":\"https:\/\/igpp.de\/en\/#\/schema\/logo\/image\/\"},\"sameAs\":[\"https:\/\/x.com\/IGPP_Freiburg\",\"https:\/\/www.youtube.com\/@igppfreiburg2985\",\"https:\/\/bsky.app\/profile\/igpp.bsky.social\"]}]}<\/script>\n<!-- \/ Yoast SEO plugin. -->","yoast_head_json":{"title":"Imprint - IGPP Institut f\u00fcr Grenzgebiete der Psychologie und Psychohygiene","robots":{"index":"index","follow":"follow","max-snippet":"max-snippet:-1","max-image-preview":"max-image-preview:large","max-video-preview":"max-video-preview:-1"},"canonical":"https:\/\/igpp.de\/en\/imprint\/","og_locale":"en_US","og_type":"article","og_title":"Imprint - IGPP Institut f\u00fcr Grenzgebiete der Psychologie und Psychohygiene","og_description":"Imprint Institute for Frontier Areas of Psychology and Mental Health...","og_url":"https:\/\/igpp.de\/en\/imprint\/","og_site_name":"IGPP Institut f\u00fcr Grenzgebiete der Psychologie und Psychohygiene","twitter_card":"summary_large_image","twitter_site":"@IGPP_Freiburg","twitter_misc":{"Est. reading time":"4 minutes"},"schema":{"@context":"https:\/\/schema.org","@graph":[{"@type":"WebPage","@id":"https:\/\/igpp.de\/en\/imprint\/","url":"https:\/\/igpp.de\/en\/imprint\/","name":"Imprint - IGPP Institut f\u00fcr Grenzgebiete der Psychologie und Psychohygiene","isPartOf":{"@id":"https:\/\/igpp.de\/en\/#website"},"datePublished":"2023-11-24T11:09:47+00:00","breadcrumb":{"@id":"https:\/\/igpp.de\/en\/imprint\/#breadcrumb"},"inLanguage":"en-US","potentialAction":[{"@type":"ReadAction","target":["https:\/\/igpp.de\/en\/imprint\/"]}]},{"@type":"BreadcrumbList","@id":"https:\/\/igpp.de\/en\/imprint\/#breadcrumb","itemListElement":[{"@type":"ListItem","position":1,"name":"Startseite","item":"https:\/\/igpp.de\/en\/"},{"@type":"ListItem","position":2,"name":"Imprint"}]},{"@type":"WebSite","@id":"https:\/\/igpp.de\/en\/#website","url":"https:\/\/igpp.de\/en\/","name":"IGPP Institut f\u00fcr Grenzgebiete der Psychologie und Psychohygiene","description":"Systematischen und interdisziplin\u00e4ren Erforschung von bisher unzureichend verstandenen Ph\u00e4nomenen und Anomalien an den Grenzen unseres Wissens.","publisher":{"@id":"https:\/\/igpp.de\/en\/#organization"},"potentialAction":[{"@type":"SearchAction","target":{"@type":"EntryPoint","urlTemplate":"https:\/\/igpp.de\/en\/?s={search_term_string}"},"query-input":{"@type":"PropertyValueSpecification","valueRequired":true,"valueName":"search_term_string"}}],"inLanguage":"en-US"},{"@type":"Organization","@id":"https:\/\/igpp.de\/en\/#organization","name":"IGPP Institut f\u00fcr Grenzgebiete der Psychologie und Psychohygiene","url":"https:\/\/igpp.de\/en\/","logo":{"@type":"ImageObject","inLanguage":"en-US","@id":"https:\/\/igpp.de\/en\/#\/schema\/logo\/image\/","url":"https:\/\/igpp.de\/wp-content\/uploads\/2023\/12\/IGPP-Logo-Bild-Wordmarke.svg","contentUrl":"https:\/\/igpp.de\/wp-content\/uploads\/2023\/12\/IGPP-Logo-Bild-Wordmarke.svg","width":132,"height":28,"caption":"IGPP Institut f\u00fcr Grenzgebiete der Psychologie und Psychohygiene"},"image":{"@id":"https:\/\/igpp.de\/en\/#\/schema\/logo\/image\/"},"sameAs":["https:\/\/x.com\/IGPP_Freiburg","https:\/\/www.youtube.com\/@igppfreiburg2985","https:\/\/bsky.app\/profile\/igpp.bsky.social"]}]}},"_links":{"self":[{"href":"https:\/\/igpp.de\/en\/wp-json\/wp\/v2\/pages\/7551","targetHints":{"allow":["GET"]}}],"collection":[{"href":"https:\/\/igpp.de\/en\/wp-json\/wp\/v2\/pages"}],"about":[{"href":"https:\/\/igpp.de\/en\/wp-json\/wp\/v2\/types\/page"}],"author":[{"embeddable":true,"href":"https:\/\/igpp.de\/en\/wp-json\/wp\/v2\/users\/3"}],"replies":[{"embeddable":true,"href":"https:\/\/igpp.de\/en\/wp-json\/wp\/v2\/comments?post=7551"}],"version-history":[{"count":0,"href":"https:\/\/igpp.de\/en\/wp-json\/wp\/v2\/pages\/7551\/revisions"}],"wp:attachment":[{"href":"https:\/\/igpp.de\/en\/wp-json\/wp\/v2\/media?parent=7551"}],"wp:term":[{"taxonomy":"category","embeddable":true,"href":"https:\/\/igpp.de\/en\/wp-json\/wp\/v2\/categories?post=7551"},{"taxonomy":"post_tag","embeddable":true,"href":"https:\/\/igpp.de\/en\/wp-json\/wp\/v2\/tags?post=7551"}],"curies":[{"name":"wp","href":"https:\/\/api.w.org\/{rel}","templated":true}]}}