{"id":7566,"date":"2024-06-10T13:46:23","date_gmt":"2024-06-10T11:46:23","guid":{"rendered":"https:\/\/igpp.de\/cooperations\/"},"modified":"2025-07-06T21:40:31","modified_gmt":"2025-07-06T19:40:31","slug":"cooperations","status":"publish","type":"page","link":"https:\/\/igpp.de\/en\/about-us\/cooperations\/","title":{"rendered":"Cooperations"},"content":{"rendered":"[vc_row type=&#8221;full_width_background&#8221; full_screen_row_position=&#8221;middle&#8221; column_margin=&#8221;40px&#8221; column_direction=&#8221;default&#8221; column_direction_tablet=&#8221;default&#8221; column_direction_phone=&#8221;default&#8221; bg_color=&#8221;#d6ecee&#8221; bg_image=&#8221;1034&#8243; bg_position=&#8221;left top&#8221; background_image_loading=&#8221;default&#8221; bg_repeat=&#8221;no-repeat&#8221; scene_position=&#8221;center&#8221; top_padding=&#8221;10%&#8221; bottom_padding=&#8221;160&#8243; text_color=&#8221;dark&#8221; text_align=&#8221;left&#8221; row_border_radius=&#8221;none&#8221; row_border_radius_applies=&#8221;bg&#8221; overflow=&#8221;visible&#8221; overlay_strength=&#8221;0.3&#8243; gradient_direction=&#8221;left_to_right&#8221; shape_divider_position=&#8221;bottom&#8221; bg_image_animation=&#8221;none&#8221; gradient_type=&#8221;default&#8221; shape_type=&#8221;&#8221;][vc_column column_padding=&#8221;no-extra-padding&#8221; column_padding_tablet=&#8221;inherit&#8221; column_padding_phone=&#8221;inherit&#8221; column_padding_position=&#8221;all&#8221; column_element_direction_desktop=&#8221;default&#8221; column_element_spacing=&#8221;default&#8221; desktop_text_alignment=&#8221;default&#8221; tablet_text_alignment=&#8221;default&#8221; phone_text_alignment=&#8221;default&#8221; background_color_opacity=&#8221;1&#8243; background_hover_color_opacity=&#8221;1&#8243; column_backdrop_filter=&#8221;none&#8221; column_shadow=&#8221;none&#8221; column_border_radius=&#8221;none&#8221; column_link_target=&#8221;_self&#8221; column_position=&#8221;default&#8221; gradient_direction=&#8221;left_to_right&#8221; overlay_strength=&#8221;0.3&#8243; width=&#8221;1\/6&#8243; tablet_width_inherit=&#8221;default&#8221; animation_type=&#8221;default&#8221; bg_image_animation=&#8221;none&#8221; border_type=&#8221;simple&#8221; column_border_width=&#8221;none&#8221; column_border_style=&#8221;solid&#8221;][image_with_animation image_url=&#8221;5636&#8243; image_size=&#8221;full&#8221; animation_type=&#8221;entrance&#8221; animation=&#8221;None&#8221; animation_movement_type=&#8221;transform_y&#8221; hover_animation=&#8221;none&#8221; alignment=&#8221;&#8221; border_radius=&#8221;none&#8221; box_shadow=&#8221;none&#8221; image_loading=&#8221;default&#8221; max_width=&#8221;100%&#8221; max_width_mobile=&#8221;default&#8221;][\/vc_column][vc_column column_padding=&#8221;no-extra-padding&#8221; column_padding_tablet=&#8221;inherit&#8221; column_padding_phone=&#8221;inherit&#8221; column_padding_position=&#8221;all&#8221; column_element_direction_desktop=&#8221;default&#8221; column_element_spacing=&#8221;default&#8221; desktop_text_alignment=&#8221;default&#8221; tablet_text_alignment=&#8221;default&#8221; phone_text_alignment=&#8221;default&#8221; background_color_opacity=&#8221;1&#8243; background_hover_color_opacity=&#8221;1&#8243; column_backdrop_filter=&#8221;none&#8221; column_shadow=&#8221;none&#8221; column_border_radius=&#8221;none&#8221; column_link_target=&#8221;_self&#8221; column_position=&#8221;default&#8221; gradient_direction=&#8221;left_to_right&#8221; overlay_strength=&#8221;0.3&#8243; width=&#8221;5\/6&#8243; tablet_width_inherit=&#8221;default&#8221; animation_type=&#8221;default&#8221; bg_image_animation=&#8221;none&#8221; border_type=&#8221;simple&#8221; column_border_width=&#8221;none&#8221; column_border_style=&#8221;solid&#8221;][vc_custom_heading text=&#8221;Cooperations&#8221; font_container=&#8221;tag:h1|text_align:left|color:%23203869&#8243; use_theme_fonts=&#8221;yes&#8221; css=&#8221;.vc_custom_1741957858226{margin-bottom: 50px !important;}&#8221;][nectar_responsive_text text_color=&#8221;#0056a4&#8243; font_size_desktop=&#8221;20&#8243; max_width=&#8221;800&#8243;]<strong>of the Institute for Frontier Areas of Psychology and Mental Health (IGPP)<\/strong>[\/nectar_responsive_text][\/vc_column][\/vc_row][vc_row type=&#8221;in_container&#8221; full_screen_row_position=&#8221;middle&#8221; column_margin=&#8221;default&#8221; column_direction=&#8221;default&#8221; column_direction_tablet=&#8221;default&#8221; column_direction_phone=&#8221;default&#8221; scene_position=&#8221;center&#8221; text_color=&#8221;dark&#8221; text_align=&#8221;left&#8221; row_border_radius=&#8221;none&#8221; row_border_radius_applies=&#8221;bg&#8221; overflow=&#8221;visible&#8221; overlay_strength=&#8221;0.3&#8243; gradient_direction=&#8221;left_to_right&#8221; shape_divider_position=&#8221;bottom&#8221; bg_image_animation=&#8221;none&#8221;][vc_column column_padding=&#8221;no-extra-padding&#8221; column_padding_tablet=&#8221;inherit&#8221; column_padding_phone=&#8221;inherit&#8221; column_padding_position=&#8221;all&#8221; column_element_direction_desktop=&#8221;default&#8221; column_element_spacing=&#8221;default&#8221; desktop_text_alignment=&#8221;default&#8221; tablet_text_alignment=&#8221;default&#8221; phone_text_alignment=&#8221;default&#8221; background_color_opacity=&#8221;1&#8243; background_hover_color_opacity=&#8221;1&#8243; column_backdrop_filter=&#8221;none&#8221; column_shadow=&#8221;none&#8221; column_border_radius=&#8221;none&#8221; column_link_target=&#8221;_self&#8221; column_position=&#8221;default&#8221; gradient_direction=&#8221;left_to_right&#8221; overlay_strength=&#8221;0.3&#8243; width=&#8221;1\/1&#8243; tablet_width_inherit=&#8221;default&#8221; animation_type=&#8221;default&#8221; bg_image_animation=&#8221;none&#8221; border_type=&#8221;simple&#8221; column_border_width=&#8221;none&#8221; column_border_style=&#8221;solid&#8221;][divider line_type=&#8221;No Line&#8221; custom_height=&#8221;75&#8243;][vc_column_text]\n<ul>\n<li><a href=\"https:\/\/www.soziologie.uni-freiburg.de\/\">Albert-Ludwigs-Universit\u00e4t Freiburg<\/a>, Institute of Sociology<\/li>\n<li><a href=\"https:\/\/www.mathphys.uni-freiburg.de\/physik\/filk\/public_html\/\" target=\"_blank\" rel=\"noopener\">Albert-Ludwigs University of Freiburg<\/a>, Institute of Physics (Prof. Dr. Thomas Filk)<\/li>\n<li><a href=\"https:\/\/www.uni-giessen.de\/de\/fbz\/fb06\/psychologie\/weitere-inst\/bion\/index?set_language=de\" target=\"_blank\" rel=\"noopener\">Bender Institute of Neuroimaging<\/a>, Justus Liebig University Giessen (Prof. Dr. Rudolf Stark)<\/li>\n<li><a href=\"https:\/\/cas-e.de\/\">Center for Advanced Studies in the Humanities and Social Sciences: Alternative Rationalities and Esoteric Practices from a Global Perspective<\/a>, Friedrich-Alexander-University Erlangen Nuremberg<\/li>\n<li><a href=\"https:\/\/psychologicalsciences.unimelb.edu.au\/CSC\" target=\"_blank\" rel=\"noopener\">Contemplative Studies Centre<\/a>, University of Melbourne, Australia (Prof. Nicholas van Dam &amp; Dr. Karin Matko)<\/li>\n<li><a href=\"https:\/\/www.durham.ac.uk\/staff\/michael-bohlander\/\" target=\"_blank\" rel=\"noopener\">Durham University<\/a>, Chair in Global Law and SETI Policy in the Durham Law School (Prof. Dr. Michael Bohlaner)<\/li>\n<li><a href=\"https:\/\/www.ecogsci.cs.uni-tuebingen.de\/index.php\" target=\"_blank\" rel=\"noopener\">Eberhard Karls University of T\u00fcbingen<\/a>, Experimental Cognitive Science (M.Sc. Kriti Bhatia)<\/li>\n<li><a href=\"https:\/\/gess.ethz.ch\/forschung\/institute-und-zentren.html\" target=\"_blank\" rel=\"noopener\">Swiss Federal Institute of Technology (ETH)<\/a>, Turing Center, Zurich, Switzerland (PD Dr. rer. nat. Harald Atmanspacher)<\/li>\n<li><a href=\"https:\/\/www.fau.de\/2024\/11\/news\/wissenschaft\/esoterisch-hier-alltaeglich-dort\/\">Friedrich-Alexander-<wbr \/>University of Erlangen-Nuremberg<\/a>, (Prof. Dr. Michael Lackner)<\/li>\n<li><a href=\"https:\/\/www.kh-freiburg.de\/de\/hochschule\/profil\/personen\/pfeifer-eric\">Catholic University of Applied Sciences Freiburg<\/a> (Prof. Dr. Eric Pfeifer)<\/li>\n<li><a href=\"https:\/\/www.uniklinik-ulm.de\/psychiatrie-und-psychotherapie-iii.html\" target=\"_blank\" rel=\"noopener\">Department of Psychiatry and Psychotherapy III<\/a>, University of Ulm (Prof. Zrinka Sosic-Vasic, currently: Research Section for Applied Psychotherapy and Psychiatry, Christophsbad G\u00f6ppingen)<\/li>\n<li><a href=\"https:\/\/www.leedsbeckett.ac.uk\/staff\/dr-steve-taylor\/\">Leeds Beckett University<\/a>, School of Humanities and Social Sciences (Dr. Steve Taylor)<\/li>\n<li><a href=\"https:\/\/www.massey.ac.nz\/massey\/expertise\/profile.cfm?stref=830930\">Massey University<\/a>, School of Psychology (Dr. Natasha Tassell-Matamua)<\/li>\n<li><a href=\"https:\/\/www.uni-bamberg.de\/allgpsych\/\" target=\"_blank\" rel=\"noopener\">Otto-Friedrich-University Bamberg<\/a>, Chair of General Psychology and Methodology (PD Dr. rer. nat. Alexander Pastukhov)<\/li>\n<li><a href=\"https:\/\/www.med.uni-magdeburg.de\/augenklinik\/vpl\/vpl_hoffmann.html\" target=\"_blank\" rel=\"noopener\">Otto von Guericke University Magdeburg<\/a>, Faculty of Medicine, Section for Clinical and Experimental Sensory Physiology (Prof. Dr. Michael B. Hoffmann)<\/li>\n<li><a href=\"https:\/\/www.rensep.org\/\">Research Network for the Study of Esoteric Practices<\/a> [RENSEP]<\/li>\n<li><a href=\"https:\/\/www.neuro.ruhr-uni-bochum.de\/rdn\/personen\/Dirk_Jancke.html.de\" target=\"_blank\" rel=\"noopener\">Ruhr University Bochum<\/a>, Institute for Neuroinformatics, Optical Imaging Lab, Bochum (Prof. Dr. Dirk Jancke)<\/li>\n<li><a href=\"https:\/\/parapsychology.org\/staff\/\">Parapsychology Foundation<\/a> (Dr. James Matlock)<\/li>\n<li><a href=\"https:\/\/www.uniklinik-freiburg.de\/augenklinik\/fol\/vis.html\" target=\"_blank\" rel=\"noopener\">University Medical Center Freiburg<\/a>, Department of Ophthalmology, Section for Functional Vision Research (Prof. Sven P. Heinrich)<\/li>\n<li><a href=\"https:\/\/neuroscience.uni-koeln.de\/forschung\/neuroforum\/ag-vogeley\">University of Cologne<\/a>, Clinic and Polyclinic for Psychiatry and Psychotherapy (Prof. Dr. Kai Vogeley)<\/li>\n<li><a href=\"https:\/\/step.unistra.fr\/psychiatrie\/recherches-cliniques-strasbourg\/\" target=\"_blank\" rel=\"noopener\">University of Strasbourg<\/a>, INSERM U1329 Strasbourg Translational nEuroscience and Psychiatry (STEP) team Psychiatry, University Hospital Strasbourg, ITI Neurostra, France (Dr. Anne Giersch)<\/li>\n<li><a href=\"https:\/\/www.uni-wuerzburg.de\/ifex\/\" target=\"_blank\" rel=\"noopener\">University of W\u00fcrzburg<\/a>, Interdisciplinary Research Center for Extraterrestrial Science (Prof. Dr. Hakan Kayal)<\/li>\n<li><a href=\"https:\/\/interpsy.univ-lorraine.fr\/renaud-evrard\/\">Universit\u00e9 de Lorraine<\/a> (Dr. Maryne Mutis, Dr. Renaud Evrard)<\/li>\n<li><a href=\"https:\/\/www.uniroma3.it\/en\/persone\/TXppcU9FYzZsSHZKcWhDUzF6NktLMlRZTkFSSTJ4UVp3TVBnM2RoM3hpYz0=\/insegnamenti\/\" target=\"_blank\" rel=\"noopener\">Universit\u00e0 Roma Tre<\/a>, Department of Philosophy (Prof. Dr. Mauro Dorato)<\/li>\n<li><a href=\"https:\/\/www.lancashire.ac.uk\/academics\/dr-donna-thomas\">University of Central Lancashire<\/a>, ICreateS International Research Unit (Dr. Donna Maria Thomas)<\/li>\n<li><a href=\"https:\/\/www.northampton.ac.uk\/directories\/people\/chris-roe\/\">University of Northampton<\/a>, Faculty of Health, Education and Society (Prof. Dr. Chris Roe)<\/li>\n<li><a href=\"https:\/\/cas.uoregon.edu\/directory\/human-physiology\/all\/mwool\">University of Oregon<\/a>, Human Physiology (Dr. Marjorie Woollacott)<\/li>\n<li><a href=\"https:\/\/www.st-andrews.ac.uk\/computer-science\/people\/je77\/\" target=\"_blank\" rel=\"noopener\">University of St Andrews<\/a>, School of Computer Science (Dr. John Elliott)<\/li>\n<li><a href=\"https:\/\/med.virginia.edu\/perceptual-studies\/dops-staff\/bruce-greyson\/\">University of Virginia<\/a>, Division of Perceptual Studies (Dr. Bruce Greyson)<\/li>\n<li><a href=\"https:\/\/www.york.ac.uk\/psychology\/staff\/academicstaff\/karla_evans\/\" target=\"_blank\" rel=\"noopener\">University of York<\/a>, Department of Psychology, York, United Kingdom (Associate Professor Karla Evans)<\/li>\n<li><a href=\"https:\/\/philosophy.sfsu.edu\/people\/carlos-montemayor\">San Francisco State University<\/a>, Department of Philosophy (Prof. Dr. Carlos Montemayor)<\/li>\n<\/ul>\n[\/vc_column_text][\/vc_column][\/vc_row][vc_row type=&#8221;in_container&#8221; full_screen_row_position=&#8221;middle&#8221; column_margin=&#8221;default&#8221; column_direction=&#8221;default&#8221; column_direction_tablet=&#8221;default&#8221; column_direction_phone=&#8221;default&#8221; scene_position=&#8221;center&#8221; text_color=&#8221;dark&#8221; text_align=&#8221;left&#8221; row_border_radius=&#8221;none&#8221; row_border_radius_applies=&#8221;bg&#8221; overflow=&#8221;visible&#8221; overlay_strength=&#8221;0.3&#8243; gradient_direction=&#8221;left_to_right&#8221; shape_divider_position=&#8221;bottom&#8221; bg_image_animation=&#8221;none&#8221;][vc_column column_padding=&#8221;no-extra-padding&#8221; column_padding_tablet=&#8221;inherit&#8221; column_padding_phone=&#8221;inherit&#8221; column_padding_position=&#8221;all&#8221; column_element_direction_desktop=&#8221;default&#8221; column_element_spacing=&#8221;default&#8221; desktop_text_alignment=&#8221;default&#8221; tablet_text_alignment=&#8221;default&#8221; phone_text_alignment=&#8221;default&#8221; background_color_opacity=&#8221;1&#8243; background_hover_color_opacity=&#8221;1&#8243; column_backdrop_filter=&#8221;none&#8221; column_shadow=&#8221;none&#8221; column_border_radius=&#8221;none&#8221; column_link_target=&#8221;_self&#8221; column_position=&#8221;default&#8221; gradient_direction=&#8221;left_to_right&#8221; overlay_strength=&#8221;0.3&#8243; width=&#8221;1\/1&#8243; tablet_width_inherit=&#8221;default&#8221; animation_type=&#8221;default&#8221; bg_image_animation=&#8221;none&#8221; border_type=&#8221;simple&#8221; column_border_width=&#8221;none&#8221; column_border_style=&#8221;solid&#8221;][divider line_type=&#8221;No Line&#8221; custom_height=&#8221;75&#8243;][\/vc_column][\/vc_row]\n","protected":false},"excerpt":{"rendered":"<p>[vc_row type=&#8221;full_width_background&#8221; full_screen_row_position=&#8221;middle&#8221; column_margin=&#8221;40px&#8221; column_direction=&#8221;default&#8221; column_direction_tablet=&#8221;default&#8221; column_direction_phone=&#8221;default&#8221; bg_color=&#8221;#d6ecee&#8221; bg_image=&#8221;1034&#8243; bg_position=&#8221;left&#8230;<\/p>\n","protected":false},"author":7,"featured_media":0,"parent":7588,"menu_order":0,"comment_status":"closed","ping_status":"closed","template":"","meta":{"inline_featured_image":false,"footnotes":""},"categories":[],"tags":[],"class_list":["post-7566","page","type-page","status-publish"],"yoast_head":"<!-- This site is optimized with the Yoast SEO plugin v25.3.1 - https:\/\/yoast.com\/wordpress\/plugins\/seo\/ -->\n<title>Cooperations - IGPP Institut f\u00fcr Grenzgebiete der Psychologie und Psychohygiene<\/title>\n<meta name=\"robots\" content=\"index, follow, max-snippet:-1, max-image-preview:large, max-video-preview:-1\" \/>\n<link rel=\"canonical\" href=\"https:\/\/igpp.de\/en\/about-us\/cooperations\/\" \/>\n<meta property=\"og:locale\" content=\"en_US\" \/>\n<meta property=\"og:type\" content=\"article\" \/>\n<meta property=\"og:title\" content=\"Cooperations - IGPP Institut f\u00fcr Grenzgebiete der Psychologie und Psychohygiene\" \/>\n<meta property=\"og:description\" content=\"[vc_row type=&#8221;full_width_background&#8221; full_screen_row_position=&#8221;middle&#8221; column_margin=&#8221;40px&#8221; column_direction=&#8221;default&#8221; column_direction_tablet=&#8221;default&#8221; column_direction_phone=&#8221;default&#8221; bg_color=&#8221;#d6ecee&#8221; bg_image=&#8221;1034&#8243; bg_position=&#8221;left...\" \/>\n<meta property=\"og:url\" content=\"https:\/\/igpp.de\/en\/about-us\/cooperations\/\" \/>\n<meta property=\"og:site_name\" content=\"IGPP Institut f\u00fcr Grenzgebiete der Psychologie und Psychohygiene\" \/>\n<meta property=\"article:modified_time\" content=\"2025-07-06T19:40:31+00:00\" \/>\n<meta name=\"twitter:card\" content=\"summary_large_image\" \/>\n<meta name=\"twitter:site\" content=\"@IGPP_Freiburg\" \/>\n<meta name=\"twitter:label1\" content=\"Est. reading time\" \/>\n\t<meta name=\"twitter:data1\" content=\"4 minutes\" \/>\n<script type=\"application\/ld+json\" class=\"yoast-schema-graph\">{\"@context\":\"https:\/\/schema.org\",\"@graph\":[{\"@type\":\"WebPage\",\"@id\":\"https:\/\/igpp.de\/en\/about-us\/cooperations\/\",\"url\":\"https:\/\/igpp.de\/en\/about-us\/cooperations\/\",\"name\":\"Cooperations - IGPP Institut f\u00fcr Grenzgebiete der Psychologie und Psychohygiene\",\"isPartOf\":{\"@id\":\"https:\/\/igpp.de\/en\/#website\"},\"datePublished\":\"2024-06-10T11:46:23+00:00\",\"dateModified\":\"2025-07-06T19:40:31+00:00\",\"breadcrumb\":{\"@id\":\"https:\/\/igpp.de\/en\/about-us\/cooperations\/#breadcrumb\"},\"inLanguage\":\"en-US\",\"potentialAction\":[{\"@type\":\"ReadAction\",\"target\":[\"https:\/\/igpp.de\/en\/about-us\/cooperations\/\"]}]},{\"@type\":\"BreadcrumbList\",\"@id\":\"https:\/\/igpp.de\/en\/about-us\/cooperations\/#breadcrumb\",\"itemListElement\":[{\"@type\":\"ListItem\",\"position\":1,\"name\":\"Startseite\",\"item\":\"https:\/\/igpp.de\/en\/\"},{\"@type\":\"ListItem\",\"position\":2,\"name\":\"About Us\",\"item\":\"https:\/\/igpp.de\/en\/about-us\/\"},{\"@type\":\"ListItem\",\"position\":3,\"name\":\"Cooperations\"}]},{\"@type\":\"WebSite\",\"@id\":\"https:\/\/igpp.de\/en\/#website\",\"url\":\"https:\/\/igpp.de\/en\/\",\"name\":\"IGPP Institut f\u00fcr Grenzgebiete der Psychologie und Psychohygiene\",\"description\":\"Systematischen und interdisziplin\u00e4ren Erforschung von bisher unzureichend verstandenen Ph\u00e4nomenen und Anomalien an den Grenzen unseres Wissens.\",\"publisher\":{\"@id\":\"https:\/\/igpp.de\/en\/#organization\"},\"potentialAction\":[{\"@type\":\"SearchAction\",\"target\":{\"@type\":\"EntryPoint\",\"urlTemplate\":\"https:\/\/igpp.de\/en\/?s={search_term_string}\"},\"query-input\":{\"@type\":\"PropertyValueSpecification\",\"valueRequired\":true,\"valueName\":\"search_term_string\"}}],\"inLanguage\":\"en-US\"},{\"@type\":\"Organization\",\"@id\":\"https:\/\/igpp.de\/en\/#organization\",\"name\":\"IGPP Institut f\u00fcr Grenzgebiete der Psychologie und Psychohygiene\",\"url\":\"https:\/\/igpp.de\/en\/\",\"logo\":{\"@type\":\"ImageObject\",\"inLanguage\":\"en-US\",\"@id\":\"https:\/\/igpp.de\/en\/#\/schema\/logo\/image\/\",\"url\":\"https:\/\/igpp.de\/wp-content\/uploads\/2023\/12\/IGPP-Logo-Bild-Wordmarke.svg\",\"contentUrl\":\"https:\/\/igpp.de\/wp-content\/uploads\/2023\/12\/IGPP-Logo-Bild-Wordmarke.svg\",\"width\":132,\"height\":28,\"caption\":\"IGPP Institut f\u00fcr Grenzgebiete der Psychologie und Psychohygiene\"},\"image\":{\"@id\":\"https:\/\/igpp.de\/en\/#\/schema\/logo\/image\/\"},\"sameAs\":[\"https:\/\/x.com\/IGPP_Freiburg\",\"https:\/\/www.youtube.com\/@igppfreiburg2985\",\"https:\/\/bsky.app\/profile\/igpp.bsky.social\"]}]}<\/script>\n<!-- \/ Yoast SEO plugin. -->","yoast_head_json":{"title":"Cooperations - IGPP Institut f\u00fcr Grenzgebiete der Psychologie und Psychohygiene","robots":{"index":"index","follow":"follow","max-snippet":"max-snippet:-1","max-image-preview":"max-image-preview:large","max-video-preview":"max-video-preview:-1"},"canonical":"https:\/\/igpp.de\/en\/about-us\/cooperations\/","og_locale":"en_US","og_type":"article","og_title":"Cooperations - IGPP Institut f\u00fcr Grenzgebiete der Psychologie und Psychohygiene","og_description":"[vc_row type=&#8221;full_width_background&#8221; full_screen_row_position=&#8221;middle&#8221; column_margin=&#8221;40px&#8221; column_direction=&#8221;default&#8221; column_direction_tablet=&#8221;default&#8221; column_direction_phone=&#8221;default&#8221; bg_color=&#8221;#d6ecee&#8221; bg_image=&#8221;1034&#8243; bg_position=&#8221;left...","og_url":"https:\/\/igpp.de\/en\/about-us\/cooperations\/","og_site_name":"IGPP Institut f\u00fcr Grenzgebiete der Psychologie und Psychohygiene","article_modified_time":"2025-07-06T19:40:31+00:00","twitter_card":"summary_large_image","twitter_site":"@IGPP_Freiburg","twitter_misc":{"Est. reading time":"4 minutes"},"schema":{"@context":"https:\/\/schema.org","@graph":[{"@type":"WebPage","@id":"https:\/\/igpp.de\/en\/about-us\/cooperations\/","url":"https:\/\/igpp.de\/en\/about-us\/cooperations\/","name":"Cooperations - IGPP Institut f\u00fcr Grenzgebiete der Psychologie und Psychohygiene","isPartOf":{"@id":"https:\/\/igpp.de\/en\/#website"},"datePublished":"2024-06-10T11:46:23+00:00","dateModified":"2025-07-06T19:40:31+00:00","breadcrumb":{"@id":"https:\/\/igpp.de\/en\/about-us\/cooperations\/#breadcrumb"},"inLanguage":"en-US","potentialAction":[{"@type":"ReadAction","target":["https:\/\/igpp.de\/en\/about-us\/cooperations\/"]}]},{"@type":"BreadcrumbList","@id":"https:\/\/igpp.de\/en\/about-us\/cooperations\/#breadcrumb","itemListElement":[{"@type":"ListItem","position":1,"name":"Startseite","item":"https:\/\/igpp.de\/en\/"},{"@type":"ListItem","position":2,"name":"About Us","item":"https:\/\/igpp.de\/en\/about-us\/"},{"@type":"ListItem","position":3,"name":"Cooperations"}]},{"@type":"WebSite","@id":"https:\/\/igpp.de\/en\/#website","url":"https:\/\/igpp.de\/en\/","name":"IGPP Institut f\u00fcr Grenzgebiete der Psychologie und Psychohygiene","description":"Systematischen und interdisziplin\u00e4ren Erforschung von bisher unzureichend verstandenen Ph\u00e4nomenen und Anomalien an den Grenzen unseres Wissens.","publisher":{"@id":"https:\/\/igpp.de\/en\/#organization"},"potentialAction":[{"@type":"SearchAction","target":{"@type":"EntryPoint","urlTemplate":"https:\/\/igpp.de\/en\/?s={search_term_string}"},"query-input":{"@type":"PropertyValueSpecification","valueRequired":true,"valueName":"search_term_string"}}],"inLanguage":"en-US"},{"@type":"Organization","@id":"https:\/\/igpp.de\/en\/#organization","name":"IGPP Institut f\u00fcr Grenzgebiete der Psychologie und Psychohygiene","url":"https:\/\/igpp.de\/en\/","logo":{"@type":"ImageObject","inLanguage":"en-US","@id":"https:\/\/igpp.de\/en\/#\/schema\/logo\/image\/","url":"https:\/\/igpp.de\/wp-content\/uploads\/2023\/12\/IGPP-Logo-Bild-Wordmarke.svg","contentUrl":"https:\/\/igpp.de\/wp-content\/uploads\/2023\/12\/IGPP-Logo-Bild-Wordmarke.svg","width":132,"height":28,"caption":"IGPP Institut f\u00fcr Grenzgebiete der Psychologie und Psychohygiene"},"image":{"@id":"https:\/\/igpp.de\/en\/#\/schema\/logo\/image\/"},"sameAs":["https:\/\/x.com\/IGPP_Freiburg","https:\/\/www.youtube.com\/@igppfreiburg2985","https:\/\/bsky.app\/profile\/igpp.bsky.social"]}]}},"_links":{"self":[{"href":"https:\/\/igpp.de\/en\/wp-json\/wp\/v2\/pages\/7566","targetHints":{"allow":["GET"]}}],"collection":[{"href":"https:\/\/igpp.de\/en\/wp-json\/wp\/v2\/pages"}],"about":[{"href":"https:\/\/igpp.de\/en\/wp-json\/wp\/v2\/types\/page"}],"author":[{"embeddable":true,"href":"https:\/\/igpp.de\/en\/wp-json\/wp\/v2\/users\/7"}],"replies":[{"embeddable":true,"href":"https:\/\/igpp.de\/en\/wp-json\/wp\/v2\/comments?post=7566"}],"version-history":[{"count":2,"href":"https:\/\/igpp.de\/en\/wp-json\/wp\/v2\/pages\/7566\/revisions"}],"predecessor-version":[{"id":7930,"href":"https:\/\/igpp.de\/en\/wp-json\/wp\/v2\/pages\/7566\/revisions\/7930"}],"up":[{"embeddable":true,"href":"https:\/\/igpp.de\/en\/wp-json\/wp\/v2\/pages\/7588"}],"wp:attachment":[{"href":"https:\/\/igpp.de\/en\/wp-json\/wp\/v2\/media?parent=7566"}],"wp:term":[{"taxonomy":"category","embeddable":true,"href":"https:\/\/igpp.de\/en\/wp-json\/wp\/v2\/categories?post=7566"},{"taxonomy":"post_tag","embeddable":true,"href":"https:\/\/igpp.de\/en\/wp-json\/wp\/v2\/tags?post=7566"}],"curies":[{"name":"wp","href":"https:\/\/api.w.org\/{rel}","templated":true}]}}