{"id":7584,"date":"2023-11-24T12:34:56","date_gmt":"2023-11-24T11:34:56","guid":{"rendered":"https:\/\/igpp.de\/organizational-structure\/"},"modified":"2026-02-24T12:12:16","modified_gmt":"2026-02-24T11:12:16","slug":"organizational-structure","status":"publish","type":"page","link":"https:\/\/igpp.de\/en\/about-us\/organizational-structure\/","title":{"rendered":"Organizational Structure"},"content":{"rendered":"[vc_row type=&#8221;full_width_background&#8221; full_screen_row_position=&#8221;middle&#8221; column_margin=&#8221;40px&#8221; column_direction=&#8221;default&#8221; column_direction_tablet=&#8221;default&#8221; column_direction_phone=&#8221;default&#8221; bg_color=&#8221;#d6ecee&#8221; bg_image=&#8221;1034&#8243; bg_position=&#8221;left top&#8221; background_image_loading=&#8221;default&#8221; bg_repeat=&#8221;no-repeat&#8221; scene_position=&#8221;center&#8221; top_padding=&#8221;10%&#8221; bottom_padding=&#8221;160&#8243; text_color=&#8221;dark&#8221; text_align=&#8221;left&#8221; row_border_radius=&#8221;none&#8221; row_border_radius_applies=&#8221;bg&#8221; overflow=&#8221;visible&#8221; overlay_strength=&#8221;0.3&#8243; gradient_direction=&#8221;left_to_right&#8221; shape_divider_position=&#8221;bottom&#8221; bg_image_animation=&#8221;none&#8221; gradient_type=&#8221;default&#8221; shape_type=&#8221;&#8221;][vc_column column_padding=&#8221;no-extra-padding&#8221; column_padding_tablet=&#8221;inherit&#8221; column_padding_phone=&#8221;inherit&#8221; column_padding_position=&#8221;all&#8221; column_element_direction_desktop=&#8221;default&#8221; column_element_spacing=&#8221;default&#8221; desktop_text_alignment=&#8221;default&#8221; tablet_text_alignment=&#8221;default&#8221; phone_text_alignment=&#8221;default&#8221; background_color_opacity=&#8221;1&#8243; background_hover_color_opacity=&#8221;1&#8243; column_backdrop_filter=&#8221;none&#8221; column_shadow=&#8221;none&#8221; column_border_radius=&#8221;none&#8221; column_link_target=&#8221;_self&#8221; column_position=&#8221;default&#8221; gradient_direction=&#8221;left_to_right&#8221; overlay_strength=&#8221;0.3&#8243; width=&#8221;1\/6&#8243; tablet_width_inherit=&#8221;default&#8221; animation_type=&#8221;default&#8221; bg_image_animation=&#8221;none&#8221; border_type=&#8221;simple&#8221; column_border_width=&#8221;none&#8221; column_border_style=&#8221;solid&#8221;][image_with_animation image_url=&#8221;3970&#8243; image_size=&#8221;full&#8221; animation_type=&#8221;entrance&#8221; animation=&#8221;None&#8221; animation_movement_type=&#8221;transform_y&#8221; hover_animation=&#8221;none&#8221; alignment=&#8221;&#8221; border_radius=&#8221;none&#8221; box_shadow=&#8221;none&#8221; image_loading=&#8221;default&#8221; max_width=&#8221;100%&#8221; max_width_mobile=&#8221;default&#8221;][\/vc_column][vc_column column_padding=&#8221;no-extra-padding&#8221; column_padding_tablet=&#8221;inherit&#8221; column_padding_phone=&#8221;inherit&#8221; column_padding_position=&#8221;all&#8221; column_element_direction_desktop=&#8221;default&#8221; column_element_spacing=&#8221;default&#8221; desktop_text_alignment=&#8221;default&#8221; tablet_text_alignment=&#8221;default&#8221; phone_text_alignment=&#8221;default&#8221; background_color_opacity=&#8221;1&#8243; background_hover_color_opacity=&#8221;1&#8243; column_backdrop_filter=&#8221;none&#8221; column_shadow=&#8221;none&#8221; column_border_radius=&#8221;none&#8221; column_link_target=&#8221;_self&#8221; column_position=&#8221;default&#8221; gradient_direction=&#8221;left_to_right&#8221; overlay_strength=&#8221;0.3&#8243; width=&#8221;5\/6&#8243; tablet_width_inherit=&#8221;default&#8221; animation_type=&#8221;default&#8221; bg_image_animation=&#8221;none&#8221; border_type=&#8221;simple&#8221; column_border_width=&#8221;none&#8221; column_border_style=&#8221;solid&#8221;][vc_custom_heading text=&#8221;Organizational Structure&#8221; font_container=&#8221;tag:h1|text_align:left|color:%23203869&#8243; use_theme_fonts=&#8221;yes&#8221; css=&#8221;.vc_custom_1751818872700{margin-bottom: 50px !important;}&#8221;][nectar_responsive_text text_color=&#8221;#0056a4&#8243; font_size_desktop=&#8221;20&#8243; max_width=&#8221;800&#8243;]<strong>of the Institute for Frontier Areas of Psychology and Mental Health (IGPP)<\/strong>[\/nectar_responsive_text][\/vc_column][\/vc_row][vc_row type=&#8221;in_container&#8221; full_screen_row_position=&#8221;middle&#8221; column_margin=&#8221;default&#8221; column_direction=&#8221;default&#8221; column_direction_tablet=&#8221;default&#8221; column_direction_phone=&#8221;default&#8221; scene_position=&#8221;center&#8221; text_color=&#8221;dark&#8221; text_align=&#8221;left&#8221; row_border_radius=&#8221;none&#8221; row_border_radius_applies=&#8221;bg&#8221; overflow=&#8221;visible&#8221; overlay_strength=&#8221;0.3&#8243; gradient_direction=&#8221;left_to_right&#8221; shape_divider_position=&#8221;bottom&#8221; bg_image_animation=&#8221;none&#8221;][vc_column column_padding=&#8221;no-extra-padding&#8221; column_padding_tablet=&#8221;inherit&#8221; column_padding_phone=&#8221;inherit&#8221; column_padding_position=&#8221;all&#8221; column_element_direction_desktop=&#8221;default&#8221; column_element_spacing=&#8221;default&#8221; desktop_text_alignment=&#8221;default&#8221; tablet_text_alignment=&#8221;default&#8221; phone_text_alignment=&#8221;default&#8221; background_color_opacity=&#8221;1&#8243; background_hover_color_opacity=&#8221;1&#8243; column_backdrop_filter=&#8221;none&#8221; column_shadow=&#8221;none&#8221; column_border_radius=&#8221;none&#8221; column_link_target=&#8221;_self&#8221; column_position=&#8221;default&#8221; gradient_direction=&#8221;left_to_right&#8221; overlay_strength=&#8221;0.3&#8243; width=&#8221;1\/1&#8243; tablet_width_inherit=&#8221;default&#8221; animation_type=&#8221;default&#8221; bg_image_animation=&#8221;none&#8221; border_type=&#8221;simple&#8221; column_border_width=&#8221;none&#8221; column_border_style=&#8221;solid&#8221;][divider line_type=&#8221;No Line&#8221;][vc_custom_heading text=&#8221;General Assembly&#8221; use_theme_fonts=&#8221;yes&#8221;][vc_column_text]The General Assembly consists of members of the registered association who come from various scientific and economic disciplines. The General Assembly elects the Executive Board and monitors its work.[\/vc_column_text][vc_custom_heading text=&#8221;Management Board&#8221; use_theme_fonts=&#8221;yes&#8221;][vc_column_text]The Board of Directors of the non-profit registered association consists of the chairman (currently <a href=\"https:\/\/igpp.de\/en\/about-us\/team\/dieter-vaitl\/\">Prof. em. Dr. Dieter Vaitl<\/a>) and two other board members (currently <a href=\"https:\/\/igpp.de\/en\/about-us\/team\/jurgen-kornmeier\/\">PD Dr. J\u00fcrgen Kornmeier<\/a> and <a href=\"https:\/\/igpp.de\/en\/about-us\/team\/eberhard-bauer\/\">Dipl.-Psych. Eberhard Bauer<\/a>). The Board of Directors is elected by the General Assembly. It manages the association and administers the association&#8217;s assets.[\/vc_column_text][vc_custom_heading text=&#8221;Institute Management&#8221; use_theme_fonts=&#8221;yes&#8221;][vc_column_text]The Institute&#8217;s management is appointed by the Executive Board. It manages the business of the Institute. The Director of the Institute is\u00a0<a href=\"https:\/\/igpp.de\/en\/about-us\/team\/jurgen-kornmeier\/\">PD Dr. J\u00fcrgen Kornmeier<\/a>, his deputy is <a href=\"https:\/\/igpp.de\/en\/about-us\/team\/eberhard-bauer\/\">Dipl.-Psych. Eberhard Bauer<\/a>.[\/vc_column_text][vc_custom_heading text=&#8221;IGPP Office&#8221; use_theme_fonts=&#8221;yes&#8221;][vc_column_text]The IGPP office assists the institute management and is also responsible for editing, data protection and social media.[\/vc_column_text][vc_custom_heading text=&#8221;Library&#8221; use_theme_fonts=&#8221;yes&#8221;][vc_column_text]In close cooperation with the <a href=\"https:\/\/www.ub.uni-freiburg.de\/en\/\">Freiburg University Library<\/a>, the IGPP maintains an interdisciplinary and extensive research library on topics relating to parapsychology, the frontier areas of psychology and anomalistics. It currently comprises around 69,000 volumes and is one of the largest collections of books on these topics in Europe. To the <a href=\"https:\/\/igpp.de\/en\/library\/\">Library Website<\/a>.[\/vc_column_text][vc_custom_heading text=&#8221;Archive&#8221; use_theme_fonts=&#8221;yes&#8221;][vc_column_text]The IGPP maintains an archive for the long-term preservation, indexing and utilization of documents and materials that are important for the cultural and scientific history of the frontier areas of psychology in general and for the history of the Institute in particular. The IGPP archive contains bequests, materials from the Institute&#8217;s work and collections from the areas mentioned. To the <a href=\"https:\/\/igpp.de\/en\/archive\/\">Archive Website<\/a>.[\/vc_column_text][vc_custom_heading text=&#8221;Conseling&#8221; use_theme_fonts=&#8221;yes&#8221;][vc_column_text]Since its foundation in 1950 by Prof. Hans Bender (1907-1991), the IGPP has offered a free information and counseling service. People seeking advice and help in connection with exceptional experiences can receive professional advice. In addition, professionals from the fields of psychology, psychotherapy, medicine, education, pastoral care and social work, as well as interested members of the public, can obtain general information on the Institute&#8217;s topics. To the <a href=\"https:\/\/igpp.de\/en\/counseling\/offer\/\">Information and Counseling Service<\/a>.[\/vc_column_text][vc_custom_heading text=&#8221;Research&#8221; use_theme_fonts=&#8221;yes&#8221;][vc_column_text]The IGPP is engaged in interdisciplinary research into previously insufficiently understood phenomena and anomalies at the frontiers of our knowledge. One aim of this <a href=\"https:\/\/igpp.de\/en\/research\/research-areas\/\">research<\/a> is to integrate the knowledge gained into a broad scientific and epistemological framework and thus contribute to a better understanding of the mind-matter problem and the still unsolved mystery of human consciousness.[\/vc_column_text][vc_custom_heading text=&#8221;Ethics Committee&#8221; use_theme_fonts=&#8221;yes&#8221;][vc_column_text]The IGPP has an ethics committee with representatives from psychology, medicine, biology, mathematics and law as well as the IGPP&#8217;s data protection officer. The task of the Ethics Committee is to review and evaluate research projects and studies at the IGPP with regard to ethical and legal aspects. The aim is to ensure that ethical standards are adhered to and that the dignity, rights, safety and well-being of the people involved are protected. Further information can be found in the <a href=\"https:\/\/igpp.de\/en\/about-us\/organizational-structure\/rules-of-procedure\/\">Rules of Procedure<\/a> and the Regulations of the\u00a0 <a href=\"https:\/\/igpp.de\/en\/about-us\/organizational-structure\/regulations-of-the-ethics-committee\/\">IGPP Ethics Committee<\/a>. The current Chairman of the Ethics Committee is\u00a0<a href=\"https:\/\/igpp.de\/en\/about-us\/team\/ulrich-ott\/\">Dr. Ulrich Ott<\/a>, the Deputy Chairman is <a href=\"https:\/\/igpp.de\/en\/about-us\/team\/marc-wittmann\/\">Dr. Dr. habil. Marc Wittmann<\/a>. Contact the Ethics Committee: <a href=\"mailto:Ethikkommission@igpp.de\">Ethikkommission@igpp.de<\/a>[\/vc_column_text]<div class=\"nectar-fancy-ul\" data-list-icon=\"icon-salient-thin-line\" data-animation=\"false\" data-animation-delay=\"0\" data-color=\"accent-color\" data-spacing=\"default\" data-alignment=\"left\"> \n<h4>Members of the Ethics Committee<\/h4>\n<ul>\n<li><a href=\"https:\/\/igpp.de\/en\/about-us\/team\/eberhard-bauer\/\">Dipl.-Psych. Eberhard Bauer<\/a> (Psychology)<\/li>\n<li><a href=\"https:\/\/www.durham.ac.uk\/staff\/michael-bohlander\/\">Prof. Dr. Michael Bohlander<\/a> (Law)<\/li>\n<li><a href=\"https:\/\/igpp.de\/en\/about-us\/team\/wolfgang-fach\/\">Dr. phil. Dipl.-Psych. Wolfgang Fach<\/a> (Psychology)<\/li>\n<li><a href=\"https:\/\/igpp.de\/en\/about-us\/team\/jurgen-kornmeier\/\">PD Dr. J\u00fcrgen Kornmeier<\/a> (Neuroscience and Mathematics)<\/li>\n<li><a href=\"https:\/\/igpp.de\/en\/about-us\/team\/kirsten-krebber\/\">Kirsten Krebber, M.A.<\/a> (Data Protection)<\/li>\n<li><a href=\"https:\/\/igpp.de\/en\/about-us\/team\/michael-nahm\/\">Dr. Michael Nahm<\/a> (Biology)<\/li>\n<li><a href=\"https:\/\/igpp.de\/en\/about-us\/team\/ulrich-ott\/\">Dr. Ulrich Ott<\/a> (Chairman, Psychology)<\/li>\n<li><a href=\"https:\/\/www.leopoldina.org\/mitgliederverzeichnis\/mitglieder\/member\/Member\/show\/heinz-schott\/\">Prof. Dr. Heinz Schott<\/a> (Medicine, History of Science and Medicine)<\/li>\n<li><a href=\"https:\/\/igpp.de\/en\/about-us\/team\/marc-wittmann\/\">Dr. Dr. habil. Marc Wittmann<\/a> (Deputy Chairman, Psychology)<\/li>\n<\/ul>\n <\/div>[\/vc_column][\/vc_row]\n","protected":false},"excerpt":{"rendered":"<p>[vc_row type=&#8221;full_width_background&#8221; full_screen_row_position=&#8221;middle&#8221; column_margin=&#8221;40px&#8221; column_direction=&#8221;default&#8221; column_direction_tablet=&#8221;default&#8221; column_direction_phone=&#8221;default&#8221; bg_color=&#8221;#d6ecee&#8221; bg_image=&#8221;1034&#8243; bg_position=&#8221;left&#8230;<\/p>\n","protected":false},"author":3,"featured_media":0,"parent":7588,"menu_order":0,"comment_status":"closed","ping_status":"closed","template":"","meta":{"inline_featured_image":false,"footnotes":""},"categories":[],"tags":[],"class_list":["post-7584","page","type-page","status-publish"],"yoast_head":"<!-- This site is optimized with the Yoast SEO plugin v25.3.1 - https:\/\/yoast.com\/wordpress\/plugins\/seo\/ -->\n<title>Organizational Structure - IGPP Institut f\u00fcr Grenzgebiete der Psychologie und Psychohygiene<\/title>\n<meta name=\"robots\" content=\"index, follow, max-snippet:-1, max-image-preview:large, max-video-preview:-1\" \/>\n<link rel=\"canonical\" href=\"https:\/\/igpp.de\/en\/about-us\/organizational-structure\/\" \/>\n<meta property=\"og:locale\" content=\"en_US\" \/>\n<meta property=\"og:type\" content=\"article\" \/>\n<meta property=\"og:title\" content=\"Organizational Structure - IGPP Institut f\u00fcr Grenzgebiete der Psychologie und Psychohygiene\" \/>\n<meta property=\"og:description\" content=\"[vc_row type=&#8221;full_width_background&#8221; full_screen_row_position=&#8221;middle&#8221; column_margin=&#8221;40px&#8221; column_direction=&#8221;default&#8221; column_direction_tablet=&#8221;default&#8221; column_direction_phone=&#8221;default&#8221; bg_color=&#8221;#d6ecee&#8221; bg_image=&#8221;1034&#8243; bg_position=&#8221;left...\" \/>\n<meta property=\"og:url\" content=\"https:\/\/igpp.de\/en\/about-us\/organizational-structure\/\" \/>\n<meta property=\"og:site_name\" content=\"IGPP Institut f\u00fcr Grenzgebiete der Psychologie und Psychohygiene\" \/>\n<meta property=\"article:modified_time\" content=\"2026-02-24T11:12:16+00:00\" \/>\n<meta name=\"twitter:card\" content=\"summary_large_image\" \/>\n<meta name=\"twitter:site\" content=\"@IGPP_Freiburg\" \/>\n<meta name=\"twitter:label1\" content=\"Est. reading time\" \/>\n\t<meta name=\"twitter:data1\" content=\"5 minutes\" \/>\n<script type=\"application\/ld+json\" class=\"yoast-schema-graph\">{\"@context\":\"https:\/\/schema.org\",\"@graph\":[{\"@type\":\"WebPage\",\"@id\":\"https:\/\/igpp.de\/en\/about-us\/organizational-structure\/\",\"url\":\"https:\/\/igpp.de\/en\/about-us\/organizational-structure\/\",\"name\":\"Organizational Structure - IGPP Institut f\u00fcr Grenzgebiete der Psychologie und Psychohygiene\",\"isPartOf\":{\"@id\":\"https:\/\/igpp.de\/en\/#website\"},\"datePublished\":\"2023-11-24T11:34:56+00:00\",\"dateModified\":\"2026-02-24T11:12:16+00:00\",\"breadcrumb\":{\"@id\":\"https:\/\/igpp.de\/en\/about-us\/organizational-structure\/#breadcrumb\"},\"inLanguage\":\"en-US\",\"potentialAction\":[{\"@type\":\"ReadAction\",\"target\":[\"https:\/\/igpp.de\/en\/about-us\/organizational-structure\/\"]}]},{\"@type\":\"BreadcrumbList\",\"@id\":\"https:\/\/igpp.de\/en\/about-us\/organizational-structure\/#breadcrumb\",\"itemListElement\":[{\"@type\":\"ListItem\",\"position\":1,\"name\":\"Startseite\",\"item\":\"https:\/\/igpp.de\/en\/\"},{\"@type\":\"ListItem\",\"position\":2,\"name\":\"About Us\",\"item\":\"https:\/\/igpp.de\/en\/about-us\/\"},{\"@type\":\"ListItem\",\"position\":3,\"name\":\"Organizational Structure\"}]},{\"@type\":\"WebSite\",\"@id\":\"https:\/\/igpp.de\/en\/#website\",\"url\":\"https:\/\/igpp.de\/en\/\",\"name\":\"IGPP Institut f\u00fcr Grenzgebiete der Psychologie und Psychohygiene\",\"description\":\"Systematischen und interdisziplin\u00e4ren Erforschung von bisher unzureichend verstandenen Ph\u00e4nomenen und Anomalien an den Grenzen unseres Wissens.\",\"publisher\":{\"@id\":\"https:\/\/igpp.de\/en\/#organization\"},\"potentialAction\":[{\"@type\":\"SearchAction\",\"target\":{\"@type\":\"EntryPoint\",\"urlTemplate\":\"https:\/\/igpp.de\/en\/?s={search_term_string}\"},\"query-input\":{\"@type\":\"PropertyValueSpecification\",\"valueRequired\":true,\"valueName\":\"search_term_string\"}}],\"inLanguage\":\"en-US\"},{\"@type\":\"Organization\",\"@id\":\"https:\/\/igpp.de\/en\/#organization\",\"name\":\"IGPP Institut f\u00fcr Grenzgebiete der Psychologie und Psychohygiene\",\"url\":\"https:\/\/igpp.de\/en\/\",\"logo\":{\"@type\":\"ImageObject\",\"inLanguage\":\"en-US\",\"@id\":\"https:\/\/igpp.de\/en\/#\/schema\/logo\/image\/\",\"url\":\"https:\/\/igpp.de\/wp-content\/uploads\/2023\/12\/IGPP-Logo-Bild-Wordmarke.svg\",\"contentUrl\":\"https:\/\/igpp.de\/wp-content\/uploads\/2023\/12\/IGPP-Logo-Bild-Wordmarke.svg\",\"width\":132,\"height\":28,\"caption\":\"IGPP Institut f\u00fcr Grenzgebiete der Psychologie und Psychohygiene\"},\"image\":{\"@id\":\"https:\/\/igpp.de\/en\/#\/schema\/logo\/image\/\"},\"sameAs\":[\"https:\/\/x.com\/IGPP_Freiburg\",\"https:\/\/www.youtube.com\/@igppfreiburg2985\",\"https:\/\/bsky.app\/profile\/igpp.bsky.social\"]}]}<\/script>\n<!-- \/ Yoast SEO plugin. -->","yoast_head_json":{"title":"Organizational Structure - IGPP Institut f\u00fcr Grenzgebiete der Psychologie und Psychohygiene","robots":{"index":"index","follow":"follow","max-snippet":"max-snippet:-1","max-image-preview":"max-image-preview:large","max-video-preview":"max-video-preview:-1"},"canonical":"https:\/\/igpp.de\/en\/about-us\/organizational-structure\/","og_locale":"en_US","og_type":"article","og_title":"Organizational Structure - IGPP Institut f\u00fcr Grenzgebiete der Psychologie und Psychohygiene","og_description":"[vc_row type=&#8221;full_width_background&#8221; full_screen_row_position=&#8221;middle&#8221; column_margin=&#8221;40px&#8221; column_direction=&#8221;default&#8221; column_direction_tablet=&#8221;default&#8221; column_direction_phone=&#8221;default&#8221; bg_color=&#8221;#d6ecee&#8221; bg_image=&#8221;1034&#8243; bg_position=&#8221;left...","og_url":"https:\/\/igpp.de\/en\/about-us\/organizational-structure\/","og_site_name":"IGPP Institut f\u00fcr Grenzgebiete der Psychologie und Psychohygiene","article_modified_time":"2026-02-24T11:12:16+00:00","twitter_card":"summary_large_image","twitter_site":"@IGPP_Freiburg","twitter_misc":{"Est. reading time":"5 minutes"},"schema":{"@context":"https:\/\/schema.org","@graph":[{"@type":"WebPage","@id":"https:\/\/igpp.de\/en\/about-us\/organizational-structure\/","url":"https:\/\/igpp.de\/en\/about-us\/organizational-structure\/","name":"Organizational Structure - IGPP Institut f\u00fcr Grenzgebiete der Psychologie und Psychohygiene","isPartOf":{"@id":"https:\/\/igpp.de\/en\/#website"},"datePublished":"2023-11-24T11:34:56+00:00","dateModified":"2026-02-24T11:12:16+00:00","breadcrumb":{"@id":"https:\/\/igpp.de\/en\/about-us\/organizational-structure\/#breadcrumb"},"inLanguage":"en-US","potentialAction":[{"@type":"ReadAction","target":["https:\/\/igpp.de\/en\/about-us\/organizational-structure\/"]}]},{"@type":"BreadcrumbList","@id":"https:\/\/igpp.de\/en\/about-us\/organizational-structure\/#breadcrumb","itemListElement":[{"@type":"ListItem","position":1,"name":"Startseite","item":"https:\/\/igpp.de\/en\/"},{"@type":"ListItem","position":2,"name":"About Us","item":"https:\/\/igpp.de\/en\/about-us\/"},{"@type":"ListItem","position":3,"name":"Organizational Structure"}]},{"@type":"WebSite","@id":"https:\/\/igpp.de\/en\/#website","url":"https:\/\/igpp.de\/en\/","name":"IGPP Institut f\u00fcr Grenzgebiete der Psychologie und Psychohygiene","description":"Systematischen und interdisziplin\u00e4ren Erforschung von bisher unzureichend verstandenen Ph\u00e4nomenen und Anomalien an den Grenzen unseres Wissens.","publisher":{"@id":"https:\/\/igpp.de\/en\/#organization"},"potentialAction":[{"@type":"SearchAction","target":{"@type":"EntryPoint","urlTemplate":"https:\/\/igpp.de\/en\/?s={search_term_string}"},"query-input":{"@type":"PropertyValueSpecification","valueRequired":true,"valueName":"search_term_string"}}],"inLanguage":"en-US"},{"@type":"Organization","@id":"https:\/\/igpp.de\/en\/#organization","name":"IGPP Institut f\u00fcr Grenzgebiete der Psychologie und Psychohygiene","url":"https:\/\/igpp.de\/en\/","logo":{"@type":"ImageObject","inLanguage":"en-US","@id":"https:\/\/igpp.de\/en\/#\/schema\/logo\/image\/","url":"https:\/\/igpp.de\/wp-content\/uploads\/2023\/12\/IGPP-Logo-Bild-Wordmarke.svg","contentUrl":"https:\/\/igpp.de\/wp-content\/uploads\/2023\/12\/IGPP-Logo-Bild-Wordmarke.svg","width":132,"height":28,"caption":"IGPP Institut f\u00fcr Grenzgebiete der Psychologie und Psychohygiene"},"image":{"@id":"https:\/\/igpp.de\/en\/#\/schema\/logo\/image\/"},"sameAs":["https:\/\/x.com\/IGPP_Freiburg","https:\/\/www.youtube.com\/@igppfreiburg2985","https:\/\/bsky.app\/profile\/igpp.bsky.social"]}]}},"_links":{"self":[{"href":"https:\/\/igpp.de\/en\/wp-json\/wp\/v2\/pages\/7584","targetHints":{"allow":["GET"]}}],"collection":[{"href":"https:\/\/igpp.de\/en\/wp-json\/wp\/v2\/pages"}],"about":[{"href":"https:\/\/igpp.de\/en\/wp-json\/wp\/v2\/types\/page"}],"author":[{"embeddable":true,"href":"https:\/\/igpp.de\/en\/wp-json\/wp\/v2\/users\/3"}],"replies":[{"embeddable":true,"href":"https:\/\/igpp.de\/en\/wp-json\/wp\/v2\/comments?post=7584"}],"version-history":[{"count":16,"href":"https:\/\/igpp.de\/en\/wp-json\/wp\/v2\/pages\/7584\/revisions"}],"predecessor-version":[{"id":9517,"href":"https:\/\/igpp.de\/en\/wp-json\/wp\/v2\/pages\/7584\/revisions\/9517"}],"up":[{"embeddable":true,"href":"https:\/\/igpp.de\/en\/wp-json\/wp\/v2\/pages\/7588"}],"wp:attachment":[{"href":"https:\/\/igpp.de\/en\/wp-json\/wp\/v2\/media?parent=7584"}],"wp:term":[{"taxonomy":"category","embeddable":true,"href":"https:\/\/igpp.de\/en\/wp-json\/wp\/v2\/categories?post=7584"},{"taxonomy":"post_tag","embeddable":true,"href":"https:\/\/igpp.de\/en\/wp-json\/wp\/v2\/tags?post=7584"}],"curies":[{"name":"wp","href":"https:\/\/api.w.org\/{rel}","templated":true}]}}